{"id":31929,"date":"2024-10-08T10:00:00","date_gmt":"2024-10-08T08:00:00","guid":{"rendered":"https:\/\/modestihouse.com\/?post_type=product&#038;p=31929"},"modified":"2024-10-08T10:00:17","modified_gmt":"2024-10-08T08:00:17","slug":"mueble-composicion-napoles-2-30cm-blanco-led","status":"publish","type":"product","link":"https:\/\/modestihouse.com\/index.php\/producto\/mueble-composicion-napoles-2-30cm-blanco-led\/","title":{"rendered":"Mueble Composici\u00f3n N\u00e1poles 2.30cm Blanco led"},"content":{"rendered":"<p>Composici\u00f3n apilable de sal\u00f3n modelo NAPOLES, color blanco e iluminaci\u00f3n led.<\/p>\n<p>Combinaci\u00f3n ideal de elementos noblemente\u00a0modernos y funcionales. Este conjunto es la soluci\u00f3n perfecta para la disposici\u00f3n pr\u00e1ctica y elegante del espacio. El sistema de almacenamiento presupone las secciones cerradas y abiertas para colocar las cosas necesarias.\u00a0Adem\u00e1s, traer\u00e1 un soplo fresco de comodidad y hospitalidad a la atm\u00f3sfera habitual del interior.<\/p>\n<p>&nbsp;<\/p>\n<p><strong>Medidas:<\/strong><\/p>\n<p>L230 x F40 x A202<\/p>\n","protected":false},"excerpt":{"rendered":"<p>Composici\u00f3n apilable de sal\u00f3n modelo NAPOLES, color blanco e iluminaci\u00f3n led. Combinaci\u00f3n ideal de elementos noblemente\u00a0modernos y funcionales. Este conjunto<\/p>\n","protected":false},"featured_media":31956,"template":"","meta":[],"product_brand":[],"product_cat":[78],"product_tag":[],"class_list":{"0":"post-31929","1":"product","2":"type-product","3":"status-publish","4":"has-post-thumbnail","6":"product_cat-composiciones-de-salon","8":"first","9":"instock","10":"sale","11":"shipping-taxable","12":"purchasable","13":"product-type-simple"},"aioseo_notices":[],"_links":{"self":[{"href":"https:\/\/modestihouse.com\/index.php\/wp-json\/wp\/v2\/product\/31929","targetHints":{"allow":["GET"]}}],"collection":[{"href":"https:\/\/modestihouse.com\/index.php\/wp-json\/wp\/v2\/product"}],"about":[{"href":"https:\/\/modestihouse.com\/index.php\/wp-json\/wp\/v2\/types\/product"}],"wp:featuredmedia":[{"embeddable":true,"href":"https:\/\/modestihouse.com\/index.php\/wp-json\/wp\/v2\/media\/31956"}],"wp:attachment":[{"href":"https:\/\/modestihouse.com\/index.php\/wp-json\/wp\/v2\/media?parent=31929"}],"wp:term":[{"taxonomy":"product_brand","embeddable":true,"href":"https:\/\/modestihouse.com\/index.php\/wp-json\/wp\/v2\/product_brand?post=31929"},{"taxonomy":"product_cat","embeddable":true,"href":"https:\/\/modestihouse.com\/index.php\/wp-json\/wp\/v2\/product_cat?post=31929"},{"taxonomy":"product_tag","embeddable":true,"href":"https:\/\/modestihouse.com\/index.php\/wp-json\/wp\/v2\/product_tag?post=31929"}],"curies":[{"name":"wp","href":"https:\/\/api.w.org\/{rel}","templated":true}]}}