{"id":31931,"date":"2024-10-08T10:00:00","date_gmt":"2024-10-08T08:00:00","guid":{"rendered":"https:\/\/modestihouse.com\/?post_type=product&#038;p=31931"},"modified":"2024-10-08T10:00:20","modified_gmt":"2024-10-08T08:00:20","slug":"composicion-venecia-27m-c-cambria-blanco-led","status":"publish","type":"product","link":"https:\/\/modestihouse.com\/index.php\/producto\/composicion-venecia-27m-c-cambria-blanco-led\/","title":{"rendered":"Composici\u00f3n Venecia 2,7M C\/Cambria- Blanco Led"},"content":{"rendered":"<p>Composici\u00f3n apilable de sal\u00f3n modelo VENECIA II, color cambrian\/blanco e iluminaci\u00f3n led.<\/p>\n<p>Hoy en d\u00eda el acento principal en la elecci\u00f3n de los muebles modulares se hace en las estructuras ligeras con iluminaci\u00f3n. Los armarios pesados ??masivos no son muy populares, y los conjuntos s\u00f3lidos en lugar de masivos de los muebles se consideran mucho m\u00e1s atractivos. VENECIA II es un conjunto de muebles que te har\u00e1 realmente feliz.<\/p>\n<p>&nbsp;<\/p>\n<p><strong>Medidas:<\/strong><\/p>\n<p>L266 x F42 x A150<\/p>\n","protected":false},"excerpt":{"rendered":"<p>Composici\u00f3n apilable de sal\u00f3n modelo VENECIA II, color cambrian\/blanco e iluminaci\u00f3n led. Hoy en d\u00eda el acento principal en la<\/p>\n","protected":false},"featured_media":31960,"template":"","meta":[],"product_brand":[],"product_cat":[78],"product_tag":[],"class_list":{"0":"post-31931","1":"product","2":"type-product","3":"status-publish","4":"has-post-thumbnail","6":"product_cat-composiciones-de-salon","8":"first","9":"instock","10":"sale","11":"shipping-taxable","12":"purchasable","13":"product-type-simple"},"aioseo_notices":[],"_links":{"self":[{"href":"https:\/\/modestihouse.com\/index.php\/wp-json\/wp\/v2\/product\/31931","targetHints":{"allow":["GET"]}}],"collection":[{"href":"https:\/\/modestihouse.com\/index.php\/wp-json\/wp\/v2\/product"}],"about":[{"href":"https:\/\/modestihouse.com\/index.php\/wp-json\/wp\/v2\/types\/product"}],"wp:featuredmedia":[{"embeddable":true,"href":"https:\/\/modestihouse.com\/index.php\/wp-json\/wp\/v2\/media\/31960"}],"wp:attachment":[{"href":"https:\/\/modestihouse.com\/index.php\/wp-json\/wp\/v2\/media?parent=31931"}],"wp:term":[{"taxonomy":"product_brand","embeddable":true,"href":"https:\/\/modestihouse.com\/index.php\/wp-json\/wp\/v2\/product_brand?post=31931"},{"taxonomy":"product_cat","embeddable":true,"href":"https:\/\/modestihouse.com\/index.php\/wp-json\/wp\/v2\/product_cat?post=31931"},{"taxonomy":"product_tag","embeddable":true,"href":"https:\/\/modestihouse.com\/index.php\/wp-json\/wp\/v2\/product_tag?post=31931"}],"curies":[{"name":"wp","href":"https:\/\/api.w.org\/{rel}","templated":true}]}}