{"id":31934,"date":"2024-10-08T10:00:01","date_gmt":"2024-10-08T08:00:01","guid":{"rendered":"https:\/\/modestihouse.com\/?post_type=product&#038;p=31934"},"modified":"2024-10-08T10:00:33","modified_gmt":"2024-10-08T08:00:33","slug":"mueble-composicion-ancona-mini-210m-gris-blanco","status":"publish","type":"product","link":"https:\/\/modestihouse.com\/index.php\/producto\/mueble-composicion-ancona-mini-210m-gris-blanco\/","title":{"rendered":"Mueble Composici\u00f3n Ancona Mini 210M Gris Blanco"},"content":{"rendered":"<p>Composici\u00f3n apilable de sal\u00f3n con iluminaci\u00f3n led modelo ANCONA MINI, color gris\/blanco.<\/p>\n<p>Un peque\u00f1o juego para la sala de estar que encajar\u00e1 en cualquier habitaci\u00f3n. Gracias a la decoraci\u00f3n original, el modelo ser\u00e1 adecuado para decorar en estilo loft, as\u00ed como para soluciones m\u00e1s conservadoras. Los libros con cubiertas brillantes o macetas decorativas con plantas se ver\u00e1n geniales en los estantes abiertos.<\/p>\n<p>&nbsp;<\/p>\n<p><strong>Medidas:<\/strong><\/p>\n<p>L210 x F40 x A190<\/p>\n","protected":false},"excerpt":{"rendered":"<p>Composici\u00f3n apilable de sal\u00f3n con iluminaci\u00f3n led modelo ANCONA MINI, color gris\/blanco. Un peque\u00f1o juego para la sala de estar<\/p>\n","protected":false},"featured_media":31984,"template":"","meta":[],"product_brand":[],"product_cat":[78],"product_tag":[],"class_list":{"0":"post-31934","1":"product","2":"type-product","3":"status-publish","4":"has-post-thumbnail","6":"product_cat-composiciones-de-salon","8":"first","9":"instock","10":"sale","11":"shipping-taxable","12":"purchasable","13":"product-type-simple"},"aioseo_notices":[],"_links":{"self":[{"href":"https:\/\/modestihouse.com\/index.php\/wp-json\/wp\/v2\/product\/31934","targetHints":{"allow":["GET"]}}],"collection":[{"href":"https:\/\/modestihouse.com\/index.php\/wp-json\/wp\/v2\/product"}],"about":[{"href":"https:\/\/modestihouse.com\/index.php\/wp-json\/wp\/v2\/types\/product"}],"wp:featuredmedia":[{"embeddable":true,"href":"https:\/\/modestihouse.com\/index.php\/wp-json\/wp\/v2\/media\/31984"}],"wp:attachment":[{"href":"https:\/\/modestihouse.com\/index.php\/wp-json\/wp\/v2\/media?parent=31934"}],"wp:term":[{"taxonomy":"product_brand","embeddable":true,"href":"https:\/\/modestihouse.com\/index.php\/wp-json\/wp\/v2\/product_brand?post=31934"},{"taxonomy":"product_cat","embeddable":true,"href":"https:\/\/modestihouse.com\/index.php\/wp-json\/wp\/v2\/product_cat?post=31934"},{"taxonomy":"product_tag","embeddable":true,"href":"https:\/\/modestihouse.com\/index.php\/wp-json\/wp\/v2\/product_tag?post=31934"}],"curies":[{"name":"wp","href":"https:\/\/api.w.org\/{rel}","templated":true}]}}