{"id":31935,"date":"2024-10-08T10:00:01","date_gmt":"2024-10-08T08:00:01","guid":{"rendered":"https:\/\/modestihouse.com\/?post_type=product&#038;p=31935"},"modified":"2024-10-08T10:00:36","modified_gmt":"2024-10-08T08:00:36","slug":"composicion-de-salon-belen-308cm","status":"publish","type":"product","link":"https:\/\/modestihouse.com\/index.php\/producto\/composicion-de-salon-belen-308cm\/","title":{"rendered":"Composici\u00f3n de Salon Belen 308CM"},"content":{"rendered":"<p>De estilo elegante, lac\u00f3nico y funcional, este conjunto destaca por la ausencia de robustos armarios y que el mobiliario compensa con vitrinas funcionales y un gran mueble tv. Disponible tambi\u00e9n aparador a juego con la composici\u00f3n.\u00a0Disponible tambi\u00e9n aparador a juego con la composici\u00f3n.<\/p>\n<p><strong>Medidas:\u00a0<\/strong><\/p>\n<p>Vitrina: \u00a0\u00a0 L68 x F39 x A196 \u00a0con iluminaci\u00f3n led modelo BELEN, color trufa ca\u00f1\u00f3n blanco.<\/p>\n<p>Bajo TV: \u00a0\u00a0\u00a0 L140 x F45 x A60 \u00a0color trufa ca\u00f1\u00f3n blanco.<\/p>\n<p>Bodeguero: \u00a0\u00a0\u00a0 L100 x F39 x A148 \u00a0con iluminaci\u00f3n led modelo BELEN, color trufa ca\u00f1\u00f3n blanco.<\/p>\n<p>&nbsp;<\/p>\n","protected":false},"excerpt":{"rendered":"<p>De estilo elegante, lac\u00f3nico y funcional, este conjunto destaca por la ausencia de robustos armarios y que el mobiliario compensa<\/p>\n","protected":false},"featured_media":31986,"template":"","meta":[],"product_brand":[],"product_cat":[78],"product_tag":[],"class_list":{"0":"post-31935","1":"product","2":"type-product","3":"status-publish","4":"has-post-thumbnail","6":"product_cat-composiciones-de-salon","8":"first","9":"instock","10":"sale","11":"shipping-taxable","12":"purchasable","13":"product-type-simple"},"aioseo_notices":[],"_links":{"self":[{"href":"https:\/\/modestihouse.com\/index.php\/wp-json\/wp\/v2\/product\/31935","targetHints":{"allow":["GET"]}}],"collection":[{"href":"https:\/\/modestihouse.com\/index.php\/wp-json\/wp\/v2\/product"}],"about":[{"href":"https:\/\/modestihouse.com\/index.php\/wp-json\/wp\/v2\/types\/product"}],"wp:featuredmedia":[{"embeddable":true,"href":"https:\/\/modestihouse.com\/index.php\/wp-json\/wp\/v2\/media\/31986"}],"wp:attachment":[{"href":"https:\/\/modestihouse.com\/index.php\/wp-json\/wp\/v2\/media?parent=31935"}],"wp:term":[{"taxonomy":"product_brand","embeddable":true,"href":"https:\/\/modestihouse.com\/index.php\/wp-json\/wp\/v2\/product_brand?post=31935"},{"taxonomy":"product_cat","embeddable":true,"href":"https:\/\/modestihouse.com\/index.php\/wp-json\/wp\/v2\/product_cat?post=31935"},{"taxonomy":"product_tag","embeddable":true,"href":"https:\/\/modestihouse.com\/index.php\/wp-json\/wp\/v2\/product_tag?post=31935"}],"curies":[{"name":"wp","href":"https:\/\/api.w.org\/{rel}","templated":true}]}}