{"id":31936,"date":"2024-10-08T10:00:01","date_gmt":"2024-10-08T08:00:01","guid":{"rendered":"https:\/\/modestihouse.com\/?post_type=product&#038;p=31936"},"modified":"2024-10-08T10:00:39","modified_gmt":"2024-10-08T08:00:39","slug":"mueble-composicion-modena-280-cm","status":"publish","type":"product","link":"https:\/\/modestihouse.com\/index.php\/producto\/mueble-composicion-modena-280-cm\/","title":{"rendered":"Mueble Composici\u00f3n M\u00f3dena  280 CM"},"content":{"rendered":"<p>Composici\u00f3n apilable de sal\u00f3n 280 cm modelo MODENA, disponible en diferentes colores.<\/p>\n<p>Composici\u00f3n apilable de sal\u00f3n 280 cm modelo MODENA, disponible en diferentes colores.<\/p>\n<p><em><u>Compuesto por:<\/u><\/em><\/p>\n<p><strong>MODENA VITRINA <\/strong>100 CM<strong>\u00a0<span style=\"color: #ff0000;\">+<\/span> MODENA BAJO TV <\/strong>2 Puertas 180 CM<\/p>\n<p>Estante 180 cm opcional<\/p>\n<p>Varios colores Disponibles<\/p>\n<p>&nbsp;<\/p>\n<p><strong>Medidas:<\/strong><\/p>\n<p>L280 x F40,6\u00a0x A198<\/p>\n","protected":false},"excerpt":{"rendered":"<p>Composici\u00f3n apilable de sal\u00f3n 280 cm modelo MODENA, disponible en diferentes colores. Composici\u00f3n apilable de sal\u00f3n 280 cm modelo MODENA,<\/p>\n","protected":false},"featured_media":31991,"template":"","meta":[],"product_brand":[],"product_cat":[78],"product_tag":[],"class_list":{"0":"post-31936","1":"product","2":"type-product","3":"status-publish","4":"has-post-thumbnail","6":"product_cat-composiciones-de-salon","8":"first","9":"instock","10":"sale","11":"shipping-taxable","12":"purchasable","13":"product-type-simple"},"aioseo_notices":[],"_links":{"self":[{"href":"https:\/\/modestihouse.com\/index.php\/wp-json\/wp\/v2\/product\/31936","targetHints":{"allow":["GET"]}}],"collection":[{"href":"https:\/\/modestihouse.com\/index.php\/wp-json\/wp\/v2\/product"}],"about":[{"href":"https:\/\/modestihouse.com\/index.php\/wp-json\/wp\/v2\/types\/product"}],"wp:featuredmedia":[{"embeddable":true,"href":"https:\/\/modestihouse.com\/index.php\/wp-json\/wp\/v2\/media\/31991"}],"wp:attachment":[{"href":"https:\/\/modestihouse.com\/index.php\/wp-json\/wp\/v2\/media?parent=31936"}],"wp:term":[{"taxonomy":"product_brand","embeddable":true,"href":"https:\/\/modestihouse.com\/index.php\/wp-json\/wp\/v2\/product_brand?post=31936"},{"taxonomy":"product_cat","embeddable":true,"href":"https:\/\/modestihouse.com\/index.php\/wp-json\/wp\/v2\/product_cat?post=31936"},{"taxonomy":"product_tag","embeddable":true,"href":"https:\/\/modestihouse.com\/index.php\/wp-json\/wp\/v2\/product_tag?post=31936"}],"curies":[{"name":"wp","href":"https:\/\/api.w.org\/{rel}","templated":true}]}}