{"id":31938,"date":"2024-10-08T10:00:01","date_gmt":"2024-10-08T08:00:01","guid":{"rendered":"https:\/\/modestihouse.com\/?post_type=product&#038;p=31938"},"modified":"2024-10-08T10:00:43","modified_gmt":"2024-10-08T08:00:43","slug":"atreus-sillon-gaming-2","status":"publish","type":"product","link":"https:\/\/modestihouse.com\/index.php\/producto\/atreus-sillon-gaming-2\/","title":{"rendered":"ATREUS SILLON GAMING"},"content":{"rendered":"<div id=\"product-description-short-698\" class=\"rte-content product-description\">Silla Gaming de dise\u00f1o deportivo, tapizado extragrueso y forma ergon\u00f3mica. Su tejido es c\u00f3modo y de alta calidad, tambi\u00e9n es f\u00e1cil de limpiar.<\/div>\n<div class=\"product-actions\">\n<form id=\"add-to-cart-or-refresh\" action=\"https:\/\/arehogar.es\/carrito\" method=\"post\">\n<div class=\"product-variants\">\n<div class=\"clearfix product-variants-item product-variants-item-3\"><span class=\"form-control-label ColorLabel\" data-after=\"Rojo\">Color<\/span><\/div>\n<div>\n<h3>CARACTER\u00cdSTICAS T\u00c9CNICAS<\/h3>\n<p>&nbsp;<\/p>\n<p><strong>-Dise\u00f1o Ergon\u00f3mico<\/strong><\/p>\n<p>La silla gaming Atreus destaca por su dise\u00f1o deportivo tapizado extragrueso y forma ergon\u00f3mica. Su tejido c\u00f3modo y de alta calidad tambi\u00e9n es f\u00e1cil de limpiar. El acolchado de espuma de alta densidad garantiza una c\u00f3moda experiencia de asiento.<\/p>\n<p><strong>-Posici\u00f3n Ajustable<\/strong><\/p>\n<p>La silla Atreus es giratoria 360\u00ba, f\u00e1cil de mover y, gracias al mecanismo de regulaci\u00f3n, es posible regular la altura y la inclinaci\u00f3n.<\/p>\n<p><strong>-Reposabrazos<\/strong><\/p>\n<p>Reposabrazos acolchados y forrados con piel sint\u00e9tica.<\/p>\n<p><strong>-Base robusta<\/strong><\/p>\n<p>Base de 5 brazos hecha en metal.<\/p>\n<p><strong>-Ruedas<\/strong><\/p>\n<p>Ruedas con acabado en goma para no rayar el suelo.<\/p>\n<p>&nbsp;<\/p>\n<p>Colores:\u00a0<strong>Azul<\/strong>,\u00a0<strong>Gris<\/strong>\u00a0y\u00a0<strong>Rojo<\/strong>.<\/p>\n<p>&nbsp;<\/p>\n<p><strong>Medidas:<\/strong><\/p>\n<p>L69 x F69 x A110-120<\/p>\n<\/div>\n<\/div>\n<\/form>\n<\/div>\n","protected":false},"excerpt":{"rendered":"<p>Silla Gaming de dise\u00f1o deportivo, tapizado extragrueso y forma ergon\u00f3mica. Su tejido es c\u00f3modo y de alta calidad, tambi\u00e9n es<\/p>\n","protected":false},"featured_media":31997,"template":"","meta":[],"product_brand":[],"product_cat":[286],"product_tag":[],"class_list":{"0":"post-31938","1":"product","2":"type-product","3":"status-publish","4":"has-post-thumbnail","6":"product_cat-sillas-giratorias","8":"first","9":"instock","10":"sale","11":"shipping-taxable","12":"purchasable","13":"product-type-simple"},"aioseo_notices":[],"_links":{"self":[{"href":"https:\/\/modestihouse.com\/index.php\/wp-json\/wp\/v2\/product\/31938","targetHints":{"allow":["GET"]}}],"collection":[{"href":"https:\/\/modestihouse.com\/index.php\/wp-json\/wp\/v2\/product"}],"about":[{"href":"https:\/\/modestihouse.com\/index.php\/wp-json\/wp\/v2\/types\/product"}],"wp:featuredmedia":[{"embeddable":true,"href":"https:\/\/modestihouse.com\/index.php\/wp-json\/wp\/v2\/media\/31997"}],"wp:attachment":[{"href":"https:\/\/modestihouse.com\/index.php\/wp-json\/wp\/v2\/media?parent=31938"}],"wp:term":[{"taxonomy":"product_brand","embeddable":true,"href":"https:\/\/modestihouse.com\/index.php\/wp-json\/wp\/v2\/product_brand?post=31938"},{"taxonomy":"product_cat","embeddable":true,"href":"https:\/\/modestihouse.com\/index.php\/wp-json\/wp\/v2\/product_cat?post=31938"},{"taxonomy":"product_tag","embeddable":true,"href":"https:\/\/modestihouse.com\/index.php\/wp-json\/wp\/v2\/product_tag?post=31938"}],"curies":[{"name":"wp","href":"https:\/\/api.w.org\/{rel}","templated":true}]}}