{"id":31973,"date":"2024-10-08T10:00:28","date_gmt":"2024-10-08T08:00:28","guid":{"rendered":"https:\/\/modestihouse.com\/?post_type=product&#038;p=31973"},"modified":"2024-10-08T10:01:42","modified_gmt":"2024-10-08T08:01:42","slug":"base-tapizada-5-travesanos-reforzada","status":"publish","type":"product","link":"https:\/\/modestihouse.com\/index.php\/producto\/base-tapizada-5-travesanos-reforzada\/","title":{"rendered":"Base Tapizada 5 Travesa\u00f1os reforzada"},"content":{"rendered":"<p>Base tapizada de 6 patas y estructura de hierro interior. Gran resistencia y durabilidad. Tapizada en tejido 3D con tablero perforado que permite la ventilaci\u00f3n.<\/p>\n<p>Base tapizada de alta resistencia. Incorpora 5 barras transversales que le aportan una mayor durabilidad. Todos los largos incorporan 6 patas y sistema Air Flow en su tablero. M\u00e1xima firmeza y seguridad.<\/p>\n<h3><strong>CARACTER\u00cdSTICAS T\u00c9CNICAS<\/strong><\/h3>\n<ul>\n<li>Altura Base (Sin Patas): 4\/5 cm.<\/li>\n<li>Base de alta resistencia con 5 barras transversales de hierro acerado.\u00a0M\u00e1s duradera y resistente.<\/li>\n<li>Cerco exterior fabricado en tubo acerado de 30\u00d730 mm.<\/li>\n<li>Tablero de aglomerado con sistema Air Flow. Incluye agujeros de ventilaci\u00f3n que permiten un continuo flujo de aire\u00a0Tablero de DM con sistema Air Flow (Agujeros de ventilaci\u00f3n). Con este sistema de agujeros la base adquiere una transpiraci\u00f3n extra ya que el flujo de aire es continuo.<\/li>\n<li>Tapizado en tejido Pure Fresh 3D altamente transpirable. Color disponible gris.<\/li>\n<li>Acolchado en Tejido TST. Tapizada con tejido PureFresh 3D, altamente transpirable.<\/li>\n<li>Seis patas redondas en largos de 190 cm o superior. Las medidas superiores a 150 cm de ancho, van con 7 patas. Altura total con patas de 25 cm. Disponibles en 30 cm, 35 cm y 45 cm de altura. Las patas van ancladas a unas pletinas roscadas, previamente soldadas al bastidor de hierro de la base, para una mejor sujeci\u00f3n.<\/li>\n<\/ul>\n<p><em><u>RECOMENDACIONES:<\/u><\/em>\u00a0Esta Base Tapizada se puede utilizar en cualquier tipo de colch\u00f3n, excepto en los colchones de L\u00e1tex, debido a la poca transpiraci\u00f3n de estos colchones. Los colchones de l\u00e1tex deben de ir en soportes laminados.<\/p>\n","protected":false},"excerpt":{"rendered":"<p>Base tapizada de 6 patas y estructura de hierro interior. Gran resistencia y durabilidad. Tapizada en tejido 3D con tablero<\/p>\n","protected":false},"featured_media":32057,"template":"","meta":[],"product_brand":[],"product_cat":[313,232],"product_tag":[],"class_list":{"0":"post-31973","1":"product","2":"type-product","3":"status-publish","4":"has-post-thumbnail","6":"product_cat-bases-tapizadas","7":"product_cat-somieres","9":"first","10":"instock","11":"shipping-taxable","12":"purchasable","13":"product-type-variable"},"aioseo_notices":[],"_links":{"self":[{"href":"https:\/\/modestihouse.com\/index.php\/wp-json\/wp\/v2\/product\/31973","targetHints":{"allow":["GET"]}}],"collection":[{"href":"https:\/\/modestihouse.com\/index.php\/wp-json\/wp\/v2\/product"}],"about":[{"href":"https:\/\/modestihouse.com\/index.php\/wp-json\/wp\/v2\/types\/product"}],"wp:featuredmedia":[{"embeddable":true,"href":"https:\/\/modestihouse.com\/index.php\/wp-json\/wp\/v2\/media\/32057"}],"wp:attachment":[{"href":"https:\/\/modestihouse.com\/index.php\/wp-json\/wp\/v2\/media?parent=31973"}],"wp:term":[{"taxonomy":"product_brand","embeddable":true,"href":"https:\/\/modestihouse.com\/index.php\/wp-json\/wp\/v2\/product_brand?post=31973"},{"taxonomy":"product_cat","embeddable":true,"href":"https:\/\/modestihouse.com\/index.php\/wp-json\/wp\/v2\/product_cat?post=31973"},{"taxonomy":"product_tag","embeddable":true,"href":"https:\/\/modestihouse.com\/index.php\/wp-json\/wp\/v2\/product_tag?post=31973"}],"curies":[{"name":"wp","href":"https:\/\/api.w.org\/{rel}","templated":true}]}}