{"id":32072,"date":"2024-10-08T10:01:45","date_gmt":"2024-10-08T08:01:45","guid":{"rendered":"https:\/\/modestihouse.com\/?post_type=product&#038;p=32072"},"modified":"2024-10-08T10:01:54","modified_gmt":"2024-10-08T08:01:54","slug":"office-line-estanteria-oficina-79x221","status":"publish","type":"product","link":"https:\/\/modestihouse.com\/index.php\/producto\/office-line-estanteria-oficina-79x221\/","title":{"rendered":"OFFICE LINE ESTANTERIA OFICINA 79X221"},"content":{"rendered":"<p>Estanter\u00eda oficina 79&#215;221 modelo OFFICE LINE, color cambrian.<\/p>\n<p>Parte conjunto de oficina modelo OFFICE LINE. Elementos c\u00f3modos, color cambrian, patas y tiradores de metal que hacen una combinaci\u00f3n perfecta entre s\u00ed.<\/p>\n<p>&nbsp;<\/p>\n<p><strong>Medidas:<\/strong><\/p>\n<p>L79 x F35 x A221<\/p>\n","protected":false},"excerpt":{"rendered":"<p>Estanter\u00eda oficina 79&#215;221 modelo OFFICE LINE, color cambrian. Parte conjunto de oficina modelo OFFICE LINE. Elementos c\u00f3modos, color cambrian, patas<\/p>\n","protected":false},"featured_media":32103,"template":"","meta":[],"product_brand":[],"product_cat":[351,352],"product_tag":[],"class_list":{"0":"post-32072","1":"product","2":"type-product","3":"status-publish","4":"has-post-thumbnail","6":"product_cat-oficina","7":"product_cat-oficina-2","9":"first","10":"instock","11":"shipping-taxable","12":"purchasable","13":"product-type-simple"},"aioseo_notices":[],"_links":{"self":[{"href":"https:\/\/modestihouse.com\/index.php\/wp-json\/wp\/v2\/product\/32072","targetHints":{"allow":["GET"]}}],"collection":[{"href":"https:\/\/modestihouse.com\/index.php\/wp-json\/wp\/v2\/product"}],"about":[{"href":"https:\/\/modestihouse.com\/index.php\/wp-json\/wp\/v2\/types\/product"}],"wp:featuredmedia":[{"embeddable":true,"href":"https:\/\/modestihouse.com\/index.php\/wp-json\/wp\/v2\/media\/32103"}],"wp:attachment":[{"href":"https:\/\/modestihouse.com\/index.php\/wp-json\/wp\/v2\/media?parent=32072"}],"wp:term":[{"taxonomy":"product_brand","embeddable":true,"href":"https:\/\/modestihouse.com\/index.php\/wp-json\/wp\/v2\/product_brand?post=32072"},{"taxonomy":"product_cat","embeddable":true,"href":"https:\/\/modestihouse.com\/index.php\/wp-json\/wp\/v2\/product_cat?post=32072"},{"taxonomy":"product_tag","embeddable":true,"href":"https:\/\/modestihouse.com\/index.php\/wp-json\/wp\/v2\/product_tag?post=32072"}],"curies":[{"name":"wp","href":"https:\/\/api.w.org\/{rel}","templated":true}]}}