{"id":32092,"date":"2024-10-08T10:01:49","date_gmt":"2024-10-08T08:01:49","guid":{"rendered":"https:\/\/modestihouse.com\/?post_type=product&#038;p=32092"},"modified":"2024-10-08T10:02:35","modified_gmt":"2024-10-08T08:02:35","slug":"lavadora-carga-superior-7kg-1-200rpm-e-lte73121exn","status":"publish","type":"product","link":"https:\/\/modestihouse.com\/index.php\/producto\/lavadora-carga-superior-7kg-1-200rpm-e-lte73121exn\/","title":{"rendered":"LAVADORA CARGA SUPERIOR 7KG 1.200RPM E LTE73121EXN"},"content":{"rendered":"<p>MARCA &#8211; IGNIS<\/p>\n<p>Lavadora carga superior 7kg 1.200rpm E<\/p>\n<p>Cuenta con control electr\u00f3nico, 12 programas de lavado, opci\u00f3n lavado en fr\u00edo, inicio diferido, prelavado, posibilidad lavado r\u00e1pido, velocidad de centrifugado ajustable, aclarado intensivo, opci\u00f3n ahorro energ\u00eda (temperatura m\u00e1s baja y duraci\u00f3n de lavado modificada)<\/p>\n<p>DIMENSIONES: 40cm (an) x 90cm (al) x 60cm (f)<\/p>\n<p>EAN: 8003437048883<\/p>\n<p>CONSULTAR STOCK DISPONIBLE<\/p>\n<p>TRANSPORTE 30\u20ac<\/p>\n","protected":false},"excerpt":{"rendered":"<p>MARCA &#8211; IGNIS Lavadora carga superior 7kg 1.200rpm E Cuenta con control electr\u00f3nico, 12 programas de lavado, opci\u00f3n lavado en<\/p>\n","protected":false},"featured_media":32152,"template":"","meta":[],"product_brand":[],"product_cat":[356,357],"product_tag":[],"class_list":{"0":"post-32092","1":"product","2":"type-product","3":"status-publish","4":"has-post-thumbnail","6":"product_cat-electrodomesticos","7":"product_cat-lavadoras","9":"first","10":"instock","11":"shipping-taxable","12":"purchasable","13":"product-type-simple"},"aioseo_notices":[],"_links":{"self":[{"href":"https:\/\/modestihouse.com\/index.php\/wp-json\/wp\/v2\/product\/32092","targetHints":{"allow":["GET"]}}],"collection":[{"href":"https:\/\/modestihouse.com\/index.php\/wp-json\/wp\/v2\/product"}],"about":[{"href":"https:\/\/modestihouse.com\/index.php\/wp-json\/wp\/v2\/types\/product"}],"wp:featuredmedia":[{"embeddable":true,"href":"https:\/\/modestihouse.com\/index.php\/wp-json\/wp\/v2\/media\/32152"}],"wp:attachment":[{"href":"https:\/\/modestihouse.com\/index.php\/wp-json\/wp\/v2\/media?parent=32092"}],"wp:term":[{"taxonomy":"product_brand","embeddable":true,"href":"https:\/\/modestihouse.com\/index.php\/wp-json\/wp\/v2\/product_brand?post=32092"},{"taxonomy":"product_cat","embeddable":true,"href":"https:\/\/modestihouse.com\/index.php\/wp-json\/wp\/v2\/product_cat?post=32092"},{"taxonomy":"product_tag","embeddable":true,"href":"https:\/\/modestihouse.com\/index.php\/wp-json\/wp\/v2\/product_tag?post=32092"}],"curies":[{"name":"wp","href":"https:\/\/api.w.org\/{rel}","templated":true}]}}