{"id":32120,"date":"2024-10-08T10:02:16","date_gmt":"2024-10-08T08:02:16","guid":{"rendered":"https:\/\/modestihouse.com\/?post_type=product&#038;p=32120"},"modified":"2024-10-08T10:02:49","modified_gmt":"2024-10-08T08:02:49","slug":"secadora-evacuacion-7kilos-kympo","status":"publish","type":"product","link":"https:\/\/modestihouse.com\/index.php\/producto\/secadora-evacuacion-7kilos-kympo\/","title":{"rendered":"SECADORA EVACUACION 7KILOS KYMPO"},"content":{"rendered":"<h1 class=\"h1 product-detail-name\">DV70Q1C SECADORA KYMPO<\/h1>\n<div class=\"productRef\">Ref:DV70Q1C<\/div>\n<div>Secadora por evacuaci\u00f3n Capacidad: 7kg, Control electr\u00f3nico con display LED para visualizar en todo momento la informaci\u00f3n necesaria, Programa anti-arrugas: Evita la formaci\u00f3n de arrugas, Programa refrescar (aire): permite airear la ropa para eliminar malos olores sin necesidad de lavarla , Programa refrescar (aire): permite airear la ropa para eliminar malos olores sin necesidad de lavarla, Programa anti-bacterias: Elimina las bacterias para asegurar ropa m\u00e1s limpia, 12 Programas de lavado &#8211; inicio retardado (hasta 12 horas) &#8211; Tambor de acero inoxidable, Puerta transparente de gran apertura &#8211; Doble conexi\u00f3n del tubo de evacuaci\u00f3n de aire (lateral o trasero), Clase energ\u00e9tica C<\/div>\n<div><\/div>\n<div>CONSULTAR STOCK<\/div>\n<div>TRANSPORTE 30\u20ac<\/div>\n<div><\/div>\n","protected":false},"excerpt":{"rendered":"<p>DV70Q1C SECADORA KYMPO Ref:DV70Q1C Secadora por evacuaci\u00f3n Capacidad: 7kg, Control electr\u00f3nico con display LED para visualizar en todo momento la<\/p>\n","protected":false},"featured_media":32174,"template":"","meta":[],"product_brand":[],"product_cat":[356,358],"product_tag":[],"class_list":{"0":"post-32120","1":"product","2":"type-product","3":"status-publish","4":"has-post-thumbnail","6":"product_cat-electrodomesticos","7":"product_cat-secadoras","9":"first","10":"instock","11":"shipping-taxable","12":"purchasable","13":"product-type-simple"},"aioseo_notices":[],"_links":{"self":[{"href":"https:\/\/modestihouse.com\/index.php\/wp-json\/wp\/v2\/product\/32120","targetHints":{"allow":["GET"]}}],"collection":[{"href":"https:\/\/modestihouse.com\/index.php\/wp-json\/wp\/v2\/product"}],"about":[{"href":"https:\/\/modestihouse.com\/index.php\/wp-json\/wp\/v2\/types\/product"}],"wp:featuredmedia":[{"embeddable":true,"href":"https:\/\/modestihouse.com\/index.php\/wp-json\/wp\/v2\/media\/32174"}],"wp:attachment":[{"href":"https:\/\/modestihouse.com\/index.php\/wp-json\/wp\/v2\/media?parent=32120"}],"wp:term":[{"taxonomy":"product_brand","embeddable":true,"href":"https:\/\/modestihouse.com\/index.php\/wp-json\/wp\/v2\/product_brand?post=32120"},{"taxonomy":"product_cat","embeddable":true,"href":"https:\/\/modestihouse.com\/index.php\/wp-json\/wp\/v2\/product_cat?post=32120"},{"taxonomy":"product_tag","embeddable":true,"href":"https:\/\/modestihouse.com\/index.php\/wp-json\/wp\/v2\/product_tag?post=32120"}],"curies":[{"name":"wp","href":"https:\/\/api.w.org\/{rel}","templated":true}]}}