{"id":32121,"date":"2024-10-08T10:02:16","date_gmt":"2024-10-08T08:02:16","guid":{"rendered":"https:\/\/modestihouse.com\/?post_type=product&#038;p=32121"},"modified":"2024-10-08T10:02:50","modified_gmt":"2024-10-08T08:02:50","slug":"secadora-hyundai-bomba-calor-8kg-a","status":"publish","type":"product","link":"https:\/\/modestihouse.com\/index.php\/producto\/secadora-hyundai-bomba-calor-8kg-a\/","title":{"rendered":"SECADORA HYUNDAI BOMBA CALOR 8KG A++"},"content":{"rendered":"<p>Ref:HYSEBC8SHB<\/p>\n<p>Secadora bomba calor 8kg A++ Clase energ\u00e9tica: A++, Tipo de motor :PSC, Sensor de secado, Sistema de detecci\u00f3n de fallos, Bloque de ni\u00f1os, Control Electr\u00f3nico, Indicador ciclo de secado, Delay Time, Indicador limpiado filtro, Indicador tanque agua lleno, Luz interior EAN: 8436564621238<\/p>\n<p>CONSULTAR ESTOCK<\/p>\n<p>TRANSPORTE 30\u20ac<\/p>\n","protected":false},"excerpt":{"rendered":"<p>Ref:HYSEBC8SHB Secadora bomba calor 8kg A++ Clase energ\u00e9tica: A++, Tipo de motor :PSC, Sensor de secado, Sistema de detecci\u00f3n de<\/p>\n","protected":false},"featured_media":32175,"template":"","meta":[],"product_brand":[],"product_cat":[356,358],"product_tag":[],"class_list":{"0":"post-32121","1":"product","2":"type-product","3":"status-publish","4":"has-post-thumbnail","6":"product_cat-electrodomesticos","7":"product_cat-secadoras","9":"first","10":"instock","11":"shipping-taxable","12":"purchasable","13":"product-type-simple"},"aioseo_notices":[],"_links":{"self":[{"href":"https:\/\/modestihouse.com\/index.php\/wp-json\/wp\/v2\/product\/32121","targetHints":{"allow":["GET"]}}],"collection":[{"href":"https:\/\/modestihouse.com\/index.php\/wp-json\/wp\/v2\/product"}],"about":[{"href":"https:\/\/modestihouse.com\/index.php\/wp-json\/wp\/v2\/types\/product"}],"wp:featuredmedia":[{"embeddable":true,"href":"https:\/\/modestihouse.com\/index.php\/wp-json\/wp\/v2\/media\/32175"}],"wp:attachment":[{"href":"https:\/\/modestihouse.com\/index.php\/wp-json\/wp\/v2\/media?parent=32121"}],"wp:term":[{"taxonomy":"product_brand","embeddable":true,"href":"https:\/\/modestihouse.com\/index.php\/wp-json\/wp\/v2\/product_brand?post=32121"},{"taxonomy":"product_cat","embeddable":true,"href":"https:\/\/modestihouse.com\/index.php\/wp-json\/wp\/v2\/product_cat?post=32121"},{"taxonomy":"product_tag","embeddable":true,"href":"https:\/\/modestihouse.com\/index.php\/wp-json\/wp\/v2\/product_tag?post=32121"}],"curies":[{"name":"wp","href":"https:\/\/api.w.org\/{rel}","templated":true}]}}