{"id":32122,"date":"2024-10-08T10:02:17","date_gmt":"2024-10-08T08:02:17","guid":{"rendered":"https:\/\/modestihouse.com\/?post_type=product&#038;p=32122"},"modified":"2024-10-08T10:02:51","modified_gmt":"2024-10-08T08:02:51","slug":"secadora-condensacion-hyundai-8kg","status":"publish","type":"product","link":"https:\/\/modestihouse.com\/index.php\/producto\/secadora-condensacion-hyundai-8kg\/","title":{"rendered":"SECADORA CONDENSACI\u00d3N HYUNDAI 8KG"},"content":{"rendered":"<p>Ref:HYSECO8SHBE<\/p>\n<p>Secadora condensaci\u00f3n 8kg B Clase energ\u00e9tica: B, Tiempo de secado 150min, Tambor galvanizado, 15 programas, Filtro de mayor tama\u00f1o, funci\u00f3n reversible EAN: 8436564621245<\/p>\n<p>CONSULTAR STOCK<\/p>\n<p>TRANSPORTE 30\u20ac<\/p>\n","protected":false},"excerpt":{"rendered":"<p>Ref:HYSECO8SHBE Secadora condensaci\u00f3n 8kg B Clase energ\u00e9tica: B, Tiempo de secado 150min, Tambor galvanizado, 15 programas, Filtro de mayor tama\u00f1o,<\/p>\n","protected":false},"featured_media":32176,"template":"","meta":[],"product_brand":[],"product_cat":[356,358],"product_tag":[],"class_list":{"0":"post-32122","1":"product","2":"type-product","3":"status-publish","4":"has-post-thumbnail","6":"product_cat-electrodomesticos","7":"product_cat-secadoras","9":"first","10":"instock","11":"shipping-taxable","12":"purchasable","13":"product-type-simple"},"aioseo_notices":[],"_links":{"self":[{"href":"https:\/\/modestihouse.com\/index.php\/wp-json\/wp\/v2\/product\/32122","targetHints":{"allow":["GET"]}}],"collection":[{"href":"https:\/\/modestihouse.com\/index.php\/wp-json\/wp\/v2\/product"}],"about":[{"href":"https:\/\/modestihouse.com\/index.php\/wp-json\/wp\/v2\/types\/product"}],"wp:featuredmedia":[{"embeddable":true,"href":"https:\/\/modestihouse.com\/index.php\/wp-json\/wp\/v2\/media\/32176"}],"wp:attachment":[{"href":"https:\/\/modestihouse.com\/index.php\/wp-json\/wp\/v2\/media?parent=32122"}],"wp:term":[{"taxonomy":"product_brand","embeddable":true,"href":"https:\/\/modestihouse.com\/index.php\/wp-json\/wp\/v2\/product_brand?post=32122"},{"taxonomy":"product_cat","embeddable":true,"href":"https:\/\/modestihouse.com\/index.php\/wp-json\/wp\/v2\/product_cat?post=32122"},{"taxonomy":"product_tag","embeddable":true,"href":"https:\/\/modestihouse.com\/index.php\/wp-json\/wp\/v2\/product_tag?post=32122"}],"curies":[{"name":"wp","href":"https:\/\/api.w.org\/{rel}","templated":true}]}}