{"id":32124,"date":"2024-10-08T10:02:17","date_gmt":"2024-10-08T08:02:17","guid":{"rendered":"https:\/\/modestihouse.com\/?post_type=product&#038;p=32124"},"modified":"2024-10-08T10:02:53","modified_gmt":"2024-10-08T08:02:53","slug":"secadora-bomba-de-calor-8kg-a-newpol","status":"publish","type":"product","link":"https:\/\/modestihouse.com\/index.php\/producto\/secadora-bomba-de-calor-8kg-a-newpol\/","title":{"rendered":"SECADORA BOMBA DE CALOR 8KG A++ NEWPOL"},"content":{"rendered":"<p>MODELO Ref: N W 84 H P.<\/p>\n<div id=\"product-description-short-1445\" class=\"description-short\">\n<p><strong>Secadora bomba de calor 8kg A++<\/strong><\/p>\n<p>Control electr\u00f3nico con display, Tecnolog\u00eda de secado por sensor (ahorra energ\u00e9tico + secado uniforme + tres niveles de secado). Quince programas de secado, dos programas r\u00e1pidas en la misma m\u00e1quina (Camisas 30\u00b4 + Express 45\u00b4). Iluminaci\u00f3n interior del tambor, Inicio retardado, Bloqueo de ni\u00f1os.<\/p>\n<p><strong>Dimensiones:<\/strong>\u00a059,6cm (an) x 84,5cm (al) x 60,9cm (f)\u00a0<strong>EAN:<\/strong>\u00a08436028931460<\/p>\n<\/div>\n<div class=\"product-actions\">\n<form id=\"add-to-cart-or-refresh\" action=\"https:\/\/grupomartel.com\/carrito\" method=\"post\">\n<div class=\"product-variants 123\"><\/div>\n<section class=\"product-discounts\"><\/section>\n<div class=\"product-add-to-cart\"><\/div>\n<\/form>\n<\/div>\n<p>&nbsp;<\/p>\n","protected":false},"excerpt":{"rendered":"<p>MODELO Ref: N W 84 H P. Secadora bomba de calor 8kg A++ Control electr\u00f3nico con display, Tecnolog\u00eda de secado<\/p>\n","protected":false},"featured_media":32178,"template":"","meta":[],"product_brand":[],"product_cat":[356,358],"product_tag":[],"class_list":{"0":"post-32124","1":"product","2":"type-product","3":"status-publish","4":"has-post-thumbnail","6":"product_cat-electrodomesticos","7":"product_cat-secadoras","9":"first","10":"instock","11":"shipping-taxable","12":"purchasable","13":"product-type-simple"},"aioseo_notices":[],"_links":{"self":[{"href":"https:\/\/modestihouse.com\/index.php\/wp-json\/wp\/v2\/product\/32124","targetHints":{"allow":["GET"]}}],"collection":[{"href":"https:\/\/modestihouse.com\/index.php\/wp-json\/wp\/v2\/product"}],"about":[{"href":"https:\/\/modestihouse.com\/index.php\/wp-json\/wp\/v2\/types\/product"}],"wp:featuredmedia":[{"embeddable":true,"href":"https:\/\/modestihouse.com\/index.php\/wp-json\/wp\/v2\/media\/32178"}],"wp:attachment":[{"href":"https:\/\/modestihouse.com\/index.php\/wp-json\/wp\/v2\/media?parent=32124"}],"wp:term":[{"taxonomy":"product_brand","embeddable":true,"href":"https:\/\/modestihouse.com\/index.php\/wp-json\/wp\/v2\/product_brand?post=32124"},{"taxonomy":"product_cat","embeddable":true,"href":"https:\/\/modestihouse.com\/index.php\/wp-json\/wp\/v2\/product_cat?post=32124"},{"taxonomy":"product_tag","embeddable":true,"href":"https:\/\/modestihouse.com\/index.php\/wp-json\/wp\/v2\/product_tag?post=32124"}],"curies":[{"name":"wp","href":"https:\/\/api.w.org\/{rel}","templated":true}]}}