{"id":32130,"date":"2024-10-08T10:02:19","date_gmt":"2024-10-08T08:02:19","guid":{"rendered":"https:\/\/modestihouse.com\/?post_type=product&#038;p=32130"},"modified":"2024-10-08T10:03:03","modified_gmt":"2024-10-08T08:03:03","slug":"nevera-samsung-inox-185x60","status":"publish","type":"product","link":"https:\/\/modestihouse.com\/index.php\/producto\/nevera-samsung-inox-185x60\/","title":{"rendered":"NEVERA SAMSUNG INOX 185X60"},"content":{"rendered":"<h1 class=\"h1 product-detail-name\">NEVERA SAMSUNG INOX<\/h1>\n<div class=\"productRef\">Ref:RR39M7135S9<\/div>\n<div><\/div>\n<div>Frigor\u00edfico 1 puerta NO FROST A++ 185*60cm INOX Digital Inverter Capacidad: 385 litros, Sistema No Frost: evita la formaci\u00f3n de escarcha, Sistema de ventilaci\u00f3n m\u00faltiple (Multi-airflow): Aire frio por todas las estantes para tener temperatura interior uniforme, Luz interior LED: mejor iluminaci\u00f3n + mejor enfriamiento puesto que bombillo luz LED no desprende calor, Control de temperatura electr\u00f3nico con pantalla digital LED, Clase energ\u00e9tica A++ Forma tu conjunto SIDE-BY-SIDE con mayor capacidad con el frigor\u00edfico RZ32M7105S9 Medidas: 60cm (an) x 185cm (al) x 65cm (f)<\/div>\n<div><\/div>\n<div>TRANSPORTE 30\u20ac<\/div>\n<div>CONSULTAR STOCK<\/div>\n<div><\/div>\n<div>Frigor\u00edfico SBS Europeo (Frigor\u00edfico). Apertura 90\u00ba<br \/>\nA++ Consumo 115 kWh\/A\u00f1o<br \/>\nCapacidad Total: 385 litros<br \/>\nCompresor Digital Inverter: 10 a\u00f1os de garant\u00eda<br \/>\nWifi Ready (controla tu frigor\u00edfico desde tu dispositivo m\u00f3vil) conectando el accesorio Dongle HD39J1230GW*<br \/>\nMetal Cooling: mantiene el fr\u00edo durante m\u00e1s tiempo<br \/>\nAll-Around Cooling: temperatura uniforme y precisa en todo el interior<br \/>\nSistema No frost<br \/>\nPower Cool (enfr\u00eda tus bebidas y alimentos r\u00e1pidamente)<br \/>\nCaj\u00f3n Fresh<br \/>\nLuz LED Interior (Frontal y Lateral). Display Exterior Metal Skin<br \/>\nInterior Premium, Botellero, Bandeja Plegable (ajustable a tus necesidades), Tirador f\u00e1cil apertura<br \/>\nBalcones con altura ajustable (almacenamiento flexible)<br \/>\nAlarma de puerta<br \/>\nPuertas Reversibles<br \/>\nNivel de ruido: 41 dB<br \/>\nDimensiones (An, Al, Fn): 595 x 1853 x 694 mm (TBC)<\/div>\n","protected":false},"excerpt":{"rendered":"<p>NEVERA SAMSUNG INOX Ref:RR39M7135S9 Frigor\u00edfico 1 puerta NO FROST A++ 185*60cm INOX Digital Inverter Capacidad: 385 litros, Sistema No Frost:<\/p>\n","protected":false},"featured_media":32184,"template":"","meta":[],"product_brand":[],"product_cat":[356,359],"product_tag":[],"class_list":{"0":"post-32130","1":"product","2":"type-product","3":"status-publish","4":"has-post-thumbnail","6":"product_cat-electrodomesticos","7":"product_cat-frigorificos","9":"first","10":"instock","11":"shipping-taxable","12":"purchasable","13":"product-type-simple"},"aioseo_notices":[],"_links":{"self":[{"href":"https:\/\/modestihouse.com\/index.php\/wp-json\/wp\/v2\/product\/32130","targetHints":{"allow":["GET"]}}],"collection":[{"href":"https:\/\/modestihouse.com\/index.php\/wp-json\/wp\/v2\/product"}],"about":[{"href":"https:\/\/modestihouse.com\/index.php\/wp-json\/wp\/v2\/types\/product"}],"wp:featuredmedia":[{"embeddable":true,"href":"https:\/\/modestihouse.com\/index.php\/wp-json\/wp\/v2\/media\/32184"}],"wp:attachment":[{"href":"https:\/\/modestihouse.com\/index.php\/wp-json\/wp\/v2\/media?parent=32130"}],"wp:term":[{"taxonomy":"product_brand","embeddable":true,"href":"https:\/\/modestihouse.com\/index.php\/wp-json\/wp\/v2\/product_brand?post=32130"},{"taxonomy":"product_cat","embeddable":true,"href":"https:\/\/modestihouse.com\/index.php\/wp-json\/wp\/v2\/product_cat?post=32130"},{"taxonomy":"product_tag","embeddable":true,"href":"https:\/\/modestihouse.com\/index.php\/wp-json\/wp\/v2\/product_tag?post=32130"}],"curies":[{"name":"wp","href":"https:\/\/api.w.org\/{rel}","templated":true}]}}