{"id":32131,"date":"2024-10-08T10:02:19","date_gmt":"2024-10-08T08:02:19","guid":{"rendered":"https:\/\/modestihouse.com\/?post_type=product&#038;p=32131"},"modified":"2024-10-08T10:03:04","modified_gmt":"2024-10-08T08:03:04","slug":"frigorifico-combi-newpol-185x60","status":"publish","type":"product","link":"https:\/\/modestihouse.com\/index.php\/producto\/frigorifico-combi-newpol-185x60\/","title":{"rendered":"FRIGOR\u00cdFICO COMBI NEWPOL \/ 185X60"},"content":{"rendered":"<h1 class=\"h1 product-detail-name\">FRIGOR\u00cdFICO COMBI 185*60CM A+++\/D NO FROST BLANCO NWC187EID<\/h1>\n<div class=\"productRef\">Ref:NWC187EID<\/div>\n<div>\n<p>Frigor\u00edfico combi 185*60cm A+++\/D NO FROST Blanco Display digital interior &#8211; Caj\u00f3n chiller<\/p>\n<p>Capacidad: 341 litros (frigor\u00edfico: 237 litros y congelador 104 litros) Control de temperatura, pies regulables en altura, puerta reversible, frigor\u00edfico: 3x estantes de cristal multi posici\u00f3n + 1x verdulero + 1 caj\u00f3n chiller + 3x balcones multi posici\u00f3n en puerta, congelador: sistema de congelaci\u00f3n de 4 estrellas, 3x cajones de puerta transparente para ver los alimentos en todo momento<\/p>\n<\/div>\n","protected":false},"excerpt":{"rendered":"<p>FRIGOR\u00cdFICO COMBI 185*60CM A+++\/D NO FROST BLANCO NWC187EID Ref:NWC187EID Frigor\u00edfico combi 185*60cm A+++\/D NO FROST Blanco Display digital interior &#8211;<\/p>\n","protected":false},"featured_media":32186,"template":"","meta":[],"product_brand":[],"product_cat":[356,359],"product_tag":[],"class_list":{"0":"post-32131","1":"product","2":"type-product","3":"status-publish","4":"has-post-thumbnail","6":"product_cat-electrodomesticos","7":"product_cat-frigorificos","9":"first","10":"instock","11":"shipping-taxable","12":"purchasable","13":"product-type-simple"},"aioseo_notices":[],"_links":{"self":[{"href":"https:\/\/modestihouse.com\/index.php\/wp-json\/wp\/v2\/product\/32131","targetHints":{"allow":["GET"]}}],"collection":[{"href":"https:\/\/modestihouse.com\/index.php\/wp-json\/wp\/v2\/product"}],"about":[{"href":"https:\/\/modestihouse.com\/index.php\/wp-json\/wp\/v2\/types\/product"}],"wp:featuredmedia":[{"embeddable":true,"href":"https:\/\/modestihouse.com\/index.php\/wp-json\/wp\/v2\/media\/32186"}],"wp:attachment":[{"href":"https:\/\/modestihouse.com\/index.php\/wp-json\/wp\/v2\/media?parent=32131"}],"wp:term":[{"taxonomy":"product_brand","embeddable":true,"href":"https:\/\/modestihouse.com\/index.php\/wp-json\/wp\/v2\/product_brand?post=32131"},{"taxonomy":"product_cat","embeddable":true,"href":"https:\/\/modestihouse.com\/index.php\/wp-json\/wp\/v2\/product_cat?post=32131"},{"taxonomy":"product_tag","embeddable":true,"href":"https:\/\/modestihouse.com\/index.php\/wp-json\/wp\/v2\/product_tag?post=32131"}],"curies":[{"name":"wp","href":"https:\/\/api.w.org\/{rel}","templated":true}]}}