{"id":32157,"date":"2024-10-08T10:02:42","date_gmt":"2024-10-08T08:02:42","guid":{"rendered":"https:\/\/modestihouse.com\/?post_type=product&#038;p=32157"},"modified":"2024-10-08T10:03:14","modified_gmt":"2024-10-08T08:03:14","slug":"frigorifico-newpol-dos-puertas-16055cm","status":"publish","type":"product","link":"https:\/\/modestihouse.com\/index.php\/producto\/frigorifico-newpol-dos-puertas-16055cm\/","title":{"rendered":"FRIGOR\u00cdFICO NEWPOL DOS PUERTAS 160*55CM"},"content":{"rendered":"<h1 class=\"h1 product-detail-name\">FRIGOR\u00cdFICO DOS PUERTAS 160*55CM A+\/F BLANCO NW160P2<\/h1>\n<div class=\"productRef\">Ref:NW160P2<\/div>\n<div>\n<p>Frigor\u00edfico dos puertas 160*55cm A+\/F Blanco Capacidad: 216 litros (frigorifico: 173 litros y congelador 43 litros), Control de temperatura, pies regulables en altura, puerta reversible, frigor\u00edfico: 3x estantes de cristal multiposici\u00f3n + 1x verdulero + 3x balcones multiposici\u00f3n en puerta, congelador: sistema de congelaci\u00f3n de 4 estrellas &#8211;<\/p>\n<p>Dimensiones: 54 cm (an) x 144cm (al) x 57 cm (f)<\/p>\n<p>EAN: 8435596211158<\/p>\n<\/div>\n","protected":false},"excerpt":{"rendered":"<p>FRIGOR\u00cdFICO DOS PUERTAS 160*55CM A+\/F BLANCO NW160P2 Ref:NW160P2 Frigor\u00edfico dos puertas 160*55cm A+\/F Blanco Capacidad: 216 litros (frigorifico: 173 litros<\/p>\n","protected":false},"featured_media":32205,"template":"","meta":[],"product_brand":[],"product_cat":[356,359],"product_tag":[],"class_list":{"0":"post-32157","1":"product","2":"type-product","3":"status-publish","4":"has-post-thumbnail","6":"product_cat-electrodomesticos","7":"product_cat-frigorificos","9":"first","10":"instock","11":"shipping-taxable","12":"purchasable","13":"product-type-simple"},"aioseo_notices":[],"_links":{"self":[{"href":"https:\/\/modestihouse.com\/index.php\/wp-json\/wp\/v2\/product\/32157","targetHints":{"allow":["GET"]}}],"collection":[{"href":"https:\/\/modestihouse.com\/index.php\/wp-json\/wp\/v2\/product"}],"about":[{"href":"https:\/\/modestihouse.com\/index.php\/wp-json\/wp\/v2\/types\/product"}],"wp:featuredmedia":[{"embeddable":true,"href":"https:\/\/modestihouse.com\/index.php\/wp-json\/wp\/v2\/media\/32205"}],"wp:attachment":[{"href":"https:\/\/modestihouse.com\/index.php\/wp-json\/wp\/v2\/media?parent=32157"}],"wp:term":[{"taxonomy":"product_brand","embeddable":true,"href":"https:\/\/modestihouse.com\/index.php\/wp-json\/wp\/v2\/product_brand?post=32157"},{"taxonomy":"product_cat","embeddable":true,"href":"https:\/\/modestihouse.com\/index.php\/wp-json\/wp\/v2\/product_cat?post=32157"},{"taxonomy":"product_tag","embeddable":true,"href":"https:\/\/modestihouse.com\/index.php\/wp-json\/wp\/v2\/product_tag?post=32157"}],"curies":[{"name":"wp","href":"https:\/\/api.w.org\/{rel}","templated":true}]}}