{"id":32158,"date":"2024-10-08T10:02:43","date_gmt":"2024-10-08T08:02:43","guid":{"rendered":"https:\/\/modestihouse.com\/?post_type=product&#038;p=32158"},"modified":"2024-10-08T10:03:16","modified_gmt":"2024-10-08T08:03:16","slug":"frigorifico-kimpo-inox-2p-14454","status":"publish","type":"product","link":"https:\/\/modestihouse.com\/index.php\/producto\/frigorifico-kimpo-inox-2p-14454\/","title":{"rendered":"FRIGOR\u00cdFICO KIMPO INOX 2P 144*54"},"content":{"rendered":"<h1 class=\"h1 product-detail-name\">FRIGOR\u00cdFICO 2P 144*54CM F INOX<\/h1>\n<div class=\"productRef\">Ref:KYDF228APIXNV<\/div>\n<div>\n<p>Frigor\u00edfico dos puertas 144x54cm F Inox.<\/p>\n<p>Capacidad: 219 litros (171L frigor\u00edfico + 48L congelador), congelador superior con balda divisoria. Sistema LessFrost que mejora la refrigeraci\u00f3n est\u00e1tica con mayor eficiencia y menor formaci\u00f3n de hielo y escarcha. Un caj\u00f3n verdulero extra grande sin escal\u00f3n para mayor capacidad de carga. Dos balcones y un balc\u00f3n botellero incluido. Puertas reversibles. Clase clim\u00e1tica: N. Tipo de descongelaci\u00f3n: Manual.<\/p>\n<p>Dimensiones (Ancho x Fondo x Alto): 54 x 57 x 144 cm. Peso: 39 kg<\/p>\n<\/div>\n","protected":false},"excerpt":{"rendered":"<p>FRIGOR\u00cdFICO 2P 144*54CM F INOX Ref:KYDF228APIXNV Frigor\u00edfico dos puertas 144x54cm F Inox. Capacidad: 219 litros (171L frigor\u00edfico + 48L congelador),<\/p>\n","protected":false},"featured_media":32206,"template":"","meta":[],"product_brand":[],"product_cat":[356,359],"product_tag":[],"class_list":{"0":"post-32158","1":"product","2":"type-product","3":"status-publish","4":"has-post-thumbnail","6":"product_cat-electrodomesticos","7":"product_cat-frigorificos","9":"first","10":"instock","11":"shipping-taxable","12":"purchasable","13":"product-type-simple"},"aioseo_notices":[],"_links":{"self":[{"href":"https:\/\/modestihouse.com\/index.php\/wp-json\/wp\/v2\/product\/32158","targetHints":{"allow":["GET"]}}],"collection":[{"href":"https:\/\/modestihouse.com\/index.php\/wp-json\/wp\/v2\/product"}],"about":[{"href":"https:\/\/modestihouse.com\/index.php\/wp-json\/wp\/v2\/types\/product"}],"wp:featuredmedia":[{"embeddable":true,"href":"https:\/\/modestihouse.com\/index.php\/wp-json\/wp\/v2\/media\/32206"}],"wp:attachment":[{"href":"https:\/\/modestihouse.com\/index.php\/wp-json\/wp\/v2\/media?parent=32158"}],"wp:term":[{"taxonomy":"product_brand","embeddable":true,"href":"https:\/\/modestihouse.com\/index.php\/wp-json\/wp\/v2\/product_brand?post=32158"},{"taxonomy":"product_cat","embeddable":true,"href":"https:\/\/modestihouse.com\/index.php\/wp-json\/wp\/v2\/product_cat?post=32158"},{"taxonomy":"product_tag","embeddable":true,"href":"https:\/\/modestihouse.com\/index.php\/wp-json\/wp\/v2\/product_tag?post=32158"}],"curies":[{"name":"wp","href":"https:\/\/api.w.org\/{rel}","templated":true}]}}