{"id":32161,"date":"2024-10-08T10:02:43","date_gmt":"2024-10-08T08:02:43","guid":{"rendered":"https:\/\/modestihouse.com\/?post_type=product&#038;p=32161"},"modified":"2024-10-08T10:03:19","modified_gmt":"2024-10-08T08:03:19","slug":"frigorifico-2p-175-x-60-f-inox-hyundai","status":"publish","type":"product","link":"https:\/\/modestihouse.com\/index.php\/producto\/frigorifico-2p-175-x-60-f-inox-hyundai\/","title":{"rendered":"FRIGOR\u00cdFICO 2P 175 X 60 F INOX HYUNDAI"},"content":{"rendered":"<h1 class=\"h1 product-detail-name\">FRIGOR\u00cdFICO 2P 175*60 F INOX HYUNDAI<\/h1>\n<div class=\"productRef\">Ref:HYF2P170XE<\/div>\n<div><\/div>\n<div>\n<p>Frigor\u00edfico dos puertas 175*60cm F Inox. Capacidad frigor\u00edfico 312 litros (242L frigor\u00edfico + 70L congelador), Caj\u00f3n verdulero (1x), Baldas (3x), Balc\u00f3n botellero (1x), Balcones en puerta (3x).<\/p>\n<p>Dimensiones (alto x ancho x fondo): 175 x 59.5 x 59.8 cm<\/p>\n<p>TRANSPORTE 30\u20ac<\/p>\n<p>CONSULTAR STOCK DISPONIBLE.<\/p>\n<\/div>\n","protected":false},"excerpt":{"rendered":"<p>FRIGOR\u00cdFICO 2P 175*60 F INOX HYUNDAI Ref:HYF2P170XE Frigor\u00edfico dos puertas 175*60cm F Inox. Capacidad frigor\u00edfico 312 litros (242L frigor\u00edfico +<\/p>\n","protected":false},"featured_media":32209,"template":"","meta":[],"product_brand":[],"product_cat":[356,359],"product_tag":[],"class_list":{"0":"post-32161","1":"product","2":"type-product","3":"status-publish","4":"has-post-thumbnail","6":"product_cat-electrodomesticos","7":"product_cat-frigorificos","9":"first","10":"instock","11":"shipping-taxable","12":"purchasable","13":"product-type-simple"},"aioseo_notices":[],"_links":{"self":[{"href":"https:\/\/modestihouse.com\/index.php\/wp-json\/wp\/v2\/product\/32161","targetHints":{"allow":["GET"]}}],"collection":[{"href":"https:\/\/modestihouse.com\/index.php\/wp-json\/wp\/v2\/product"}],"about":[{"href":"https:\/\/modestihouse.com\/index.php\/wp-json\/wp\/v2\/types\/product"}],"wp:featuredmedia":[{"embeddable":true,"href":"https:\/\/modestihouse.com\/index.php\/wp-json\/wp\/v2\/media\/32209"}],"wp:attachment":[{"href":"https:\/\/modestihouse.com\/index.php\/wp-json\/wp\/v2\/media?parent=32161"}],"wp:term":[{"taxonomy":"product_brand","embeddable":true,"href":"https:\/\/modestihouse.com\/index.php\/wp-json\/wp\/v2\/product_brand?post=32161"},{"taxonomy":"product_cat","embeddable":true,"href":"https:\/\/modestihouse.com\/index.php\/wp-json\/wp\/v2\/product_cat?post=32161"},{"taxonomy":"product_tag","embeddable":true,"href":"https:\/\/modestihouse.com\/index.php\/wp-json\/wp\/v2\/product_tag?post=32161"}],"curies":[{"name":"wp","href":"https:\/\/api.w.org\/{rel}","templated":true}]}}