{"id":32162,"date":"2024-10-08T10:02:43","date_gmt":"2024-10-08T08:02:43","guid":{"rendered":"https:\/\/modestihouse.com\/?post_type=product&#038;p=32162"},"modified":"2024-10-08T10:03:20","modified_gmt":"2024-10-08T08:03:20","slug":"placa-de-gas-inoxidable-kympo","status":"publish","type":"product","link":"https:\/\/modestihouse.com\/index.php\/producto\/placa-de-gas-inoxidable-kympo\/","title":{"rendered":"PLACA DE GAS INOXIDABLE KYMPO"},"content":{"rendered":"<p>PLACA DE GAS INOXIDABLE KYMPO<\/p>\n<p>Ref:ESO111ASF2X<\/p>\n<p>Placa de gas de 4 fuegos ACERO INOX (1x quemador grande de 2.8kW + 2x quemadores medianos de 1.6kW + 1x quemador peque\u00f1o de 0.95kW), 4x quemadores SABAF con seguridad GAS STOP: corta la alimentaci\u00f3n de gas en caso de apagarse la llama, Auto-encendido (chisp\u00f3n) integrado en los mandos: solo hace falta girar el mando para encender el fuego, acero inoxidable &#8211; DIMENSIONES: 58cm (an) x 9cm (al) x 50cm (f) \/ DIMENSIONES ENCASTRE: 54cm (an) x 7cm (al) x 46cm (f)<\/p>\n","protected":false},"excerpt":{"rendered":"<p>PLACA DE GAS INOXIDABLE KYMPO Ref:ESO111ASF2X Placa de gas de 4 fuegos ACERO INOX (1x quemador grande de 2.8kW +<\/p>\n","protected":false},"featured_media":32210,"template":"","meta":[],"product_brand":[],"product_cat":[360,356],"product_tag":[],"class_list":{"0":"post-32162","1":"product","2":"type-product","3":"status-publish","4":"has-post-thumbnail","6":"product_cat-cocinas-electrodomesticos","7":"product_cat-electrodomesticos","9":"first","10":"instock","11":"shipping-taxable","12":"purchasable","13":"product-type-simple"},"aioseo_notices":[],"_links":{"self":[{"href":"https:\/\/modestihouse.com\/index.php\/wp-json\/wp\/v2\/product\/32162","targetHints":{"allow":["GET"]}}],"collection":[{"href":"https:\/\/modestihouse.com\/index.php\/wp-json\/wp\/v2\/product"}],"about":[{"href":"https:\/\/modestihouse.com\/index.php\/wp-json\/wp\/v2\/types\/product"}],"wp:featuredmedia":[{"embeddable":true,"href":"https:\/\/modestihouse.com\/index.php\/wp-json\/wp\/v2\/media\/32210"}],"wp:attachment":[{"href":"https:\/\/modestihouse.com\/index.php\/wp-json\/wp\/v2\/media?parent=32162"}],"wp:term":[{"taxonomy":"product_brand","embeddable":true,"href":"https:\/\/modestihouse.com\/index.php\/wp-json\/wp\/v2\/product_brand?post=32162"},{"taxonomy":"product_cat","embeddable":true,"href":"https:\/\/modestihouse.com\/index.php\/wp-json\/wp\/v2\/product_cat?post=32162"},{"taxonomy":"product_tag","embeddable":true,"href":"https:\/\/modestihouse.com\/index.php\/wp-json\/wp\/v2\/product_tag?post=32162"}],"curies":[{"name":"wp","href":"https:\/\/api.w.org\/{rel}","templated":true}]}}