{"id":32170,"date":"2024-10-08T10:02:44","date_gmt":"2024-10-08T08:02:44","guid":{"rendered":"https:\/\/modestihouse.com\/?post_type=product&#038;p=32170"},"modified":"2024-10-08T10:03:27","modified_gmt":"2024-10-08T08:03:27","slug":"placa-de-gas-acero-inox-new-pol","status":"publish","type":"product","link":"https:\/\/modestihouse.com\/index.php\/producto\/placa-de-gas-acero-inox-new-pol\/","title":{"rendered":"PLACA DE GAS ACERO INOX NEW POL"},"content":{"rendered":"<h1 class=\"h1 product-detail-name\">PLACA DE GAS ACERO INOX NEW POL<\/h1>\n<div class=\"productRef\">Ref:NW4GX<\/div>\n<p>Placa de gas de 4 fuegos ACERO INOX (1x quemador de 5,5cm de 1.000W + 2x quemadores de 7.5cm de 1.750W + 1x quemador de 10cm de 3.000W ), Dispositivo FFD de control de llama: Cierre autom\u00e1tico de la v\u00e1lvula cuando accidentalmente se apaga la llama. Se evitan accidentes de gas, control mec\u00e1nico lateral de mandos sin escalas, Placa de acero inoxidable, rejilla en esmalte negro<\/p>\n","protected":false},"excerpt":{"rendered":"<p>PLACA DE GAS ACERO INOX NEW POL Ref:NW4GX Placa de gas de 4 fuegos ACERO INOX (1x quemador de 5,5cm<\/p>\n","protected":false},"featured_media":32217,"template":"","meta":[],"product_brand":[],"product_cat":[360,356],"product_tag":[],"class_list":{"0":"post-32170","1":"product","2":"type-product","3":"status-publish","4":"has-post-thumbnail","6":"product_cat-cocinas-electrodomesticos","7":"product_cat-electrodomesticos","9":"first","10":"instock","11":"shipping-taxable","12":"purchasable","13":"product-type-simple"},"aioseo_notices":[],"_links":{"self":[{"href":"https:\/\/modestihouse.com\/index.php\/wp-json\/wp\/v2\/product\/32170","targetHints":{"allow":["GET"]}}],"collection":[{"href":"https:\/\/modestihouse.com\/index.php\/wp-json\/wp\/v2\/product"}],"about":[{"href":"https:\/\/modestihouse.com\/index.php\/wp-json\/wp\/v2\/types\/product"}],"wp:featuredmedia":[{"embeddable":true,"href":"https:\/\/modestihouse.com\/index.php\/wp-json\/wp\/v2\/media\/32217"}],"wp:attachment":[{"href":"https:\/\/modestihouse.com\/index.php\/wp-json\/wp\/v2\/media?parent=32170"}],"wp:term":[{"taxonomy":"product_brand","embeddable":true,"href":"https:\/\/modestihouse.com\/index.php\/wp-json\/wp\/v2\/product_brand?post=32170"},{"taxonomy":"product_cat","embeddable":true,"href":"https:\/\/modestihouse.com\/index.php\/wp-json\/wp\/v2\/product_cat?post=32170"},{"taxonomy":"product_tag","embeddable":true,"href":"https:\/\/modestihouse.com\/index.php\/wp-json\/wp\/v2\/product_tag?post=32170"}],"curies":[{"name":"wp","href":"https:\/\/api.w.org\/{rel}","templated":true}]}}