{"id":32195,"date":"2024-10-08T10:03:11","date_gmt":"2024-10-08T08:03:11","guid":{"rendered":"https:\/\/modestihouse.com\/?post_type=product&#038;p=32195"},"modified":"2024-10-08T10:03:33","modified_gmt":"2024-10-08T08:03:33","slug":"cocina-gas-hyundai-9060-5f-portabombona-blanca","status":"publish","type":"product","link":"https:\/\/modestihouse.com\/index.php\/producto\/cocina-gas-hyundai-9060-5f-portabombona-blanca\/","title":{"rendered":"COCINA GAS HYUNDAI 90*60 5F PORTABOMBONA BLANCA"},"content":{"rendered":"<h1 class=\"h1 product-detail-name\">COCINA GAS 90*60 5F PORTABOMBONA BLANCA<\/h1>\n<div class=\"productRef\">Ref:KTF100090W<\/div>\n<div><\/div>\n<div>\n<p>Cocina gas 90*60cm portabombona Blanca.<\/p>\n<p>Ancho: 90cm &#8211; Fondo 56cm. Placa: 5x fuegos SABAF con seguridad GAS STOP: corta la alimentaci\u00f3n de gas en caso de apagarse la llama, encendido autom\u00e1tico (chisp\u00f3n), fuego central XL para wok, con tapa protectora de cristal.<\/p>\n<p>Horno: quemador gas superior + quemador gas inferior, rotisserie, luz interior, Puerta de doble cristal forzado, asas y botones en color blanco.<\/p>\n<p>DIMENSIONES: 90cm (an) x cm (al) x 60cm (f)<\/p>\n<\/div>\n","protected":false},"excerpt":{"rendered":"<p>COCINA GAS 90*60 5F PORTABOMBONA BLANCA Ref:KTF100090W Cocina gas 90*60cm portabombona Blanca. Ancho: 90cm &#8211; Fondo 56cm. Placa: 5x fuegos<\/p>\n","protected":false},"featured_media":32224,"template":"","meta":[],"product_brand":[],"product_cat":[360,356],"product_tag":[],"class_list":{"0":"post-32195","1":"product","2":"type-product","3":"status-publish","4":"has-post-thumbnail","6":"product_cat-cocinas-electrodomesticos","7":"product_cat-electrodomesticos","9":"first","10":"instock","11":"shipping-taxable","12":"purchasable","13":"product-type-simple"},"aioseo_notices":[],"_links":{"self":[{"href":"https:\/\/modestihouse.com\/index.php\/wp-json\/wp\/v2\/product\/32195","targetHints":{"allow":["GET"]}}],"collection":[{"href":"https:\/\/modestihouse.com\/index.php\/wp-json\/wp\/v2\/product"}],"about":[{"href":"https:\/\/modestihouse.com\/index.php\/wp-json\/wp\/v2\/types\/product"}],"wp:featuredmedia":[{"embeddable":true,"href":"https:\/\/modestihouse.com\/index.php\/wp-json\/wp\/v2\/media\/32224"}],"wp:attachment":[{"href":"https:\/\/modestihouse.com\/index.php\/wp-json\/wp\/v2\/media?parent=32195"}],"wp:term":[{"taxonomy":"product_brand","embeddable":true,"href":"https:\/\/modestihouse.com\/index.php\/wp-json\/wp\/v2\/product_brand?post=32195"},{"taxonomy":"product_cat","embeddable":true,"href":"https:\/\/modestihouse.com\/index.php\/wp-json\/wp\/v2\/product_cat?post=32195"},{"taxonomy":"product_tag","embeddable":true,"href":"https:\/\/modestihouse.com\/index.php\/wp-json\/wp\/v2\/product_tag?post=32195"}],"curies":[{"name":"wp","href":"https:\/\/api.w.org\/{rel}","templated":true}]}}