{"id":32202,"date":"2024-10-08T10:03:12","date_gmt":"2024-10-08T08:03:12","guid":{"rendered":"https:\/\/modestihouse.com\/?post_type=product&#038;p=32202"},"modified":"2024-10-08T10:03:49","modified_gmt":"2024-10-08T08:03:49","slug":"microondas-hyundai-20l-digital-silver","status":"publish","type":"product","link":"https:\/\/modestihouse.com\/index.php\/producto\/microondas-hyundai-20l-digital-silver\/","title":{"rendered":"MICROONDAS HYUNDAI 20L DIGITAL SILVER"},"content":{"rendered":"<p>Microondas 20 litros Digital Silver, Potencia: 700W, Potencia de grill: 800W, 9 Niveles de funcionamiento, Temporizador de 0-30 minutos, Funci\u00f3n de descongelaci\u00f3n, Se\u00f1al de fin de cocci\u00f3n, Plato giratorio 245 mm.<\/p>\n<p>Dimensiones: 45cm (an) x 26cm (al) x 33cm (f)<\/p>\n<p>HYMI20LDX<\/p>\n<p>Capacidad: 20L<br \/>\nFunci\u00f3n: Microondas<br \/>\nControl: Electr\u00f3nico<br \/>\n700w \/ 1500w<br \/>\nNiveles de potencia: 5<br \/>\nFunci\u00f3n Descongelaci\u00f3n: Si<br \/>\nFunci\u00f3n Grill:No<br \/>\nPotencia Grill: &#8211;<br \/>\nCerradura seguridad ni\u00f1os: Si<br \/>\nSe\u00f1al de final de cocci\u00f3n: Si<br \/>\nLuz interior: Si<br \/>\nTiempo: 60min<br \/>\nEstilo puerta: presionar bot\u00f3n<\/p>\n<p>Tama\u00f1o de la cavidad (mm):W295xH212xD296<br \/>\nProducto (WxHxD en mm) W451xH256.5xD337<br \/>\nPeso Neto: 10,2kg<br \/>\nPeso Bruto: 11,2 kg<\/p>\n","protected":false},"excerpt":{"rendered":"<p>Microondas 20 litros Digital Silver, Potencia: 700W, Potencia de grill: 800W, 9 Niveles de funcionamiento, Temporizador de 0-30 minutos, Funci\u00f3n<\/p>\n","protected":false},"featured_media":32251,"template":"","meta":[],"product_brand":[],"product_cat":[356,361],"product_tag":[],"class_list":{"0":"post-32202","1":"product","2":"type-product","3":"status-publish","4":"has-post-thumbnail","6":"product_cat-electrodomesticos","7":"product_cat-microndas","9":"first","10":"instock","11":"shipping-taxable","12":"purchasable","13":"product-type-simple"},"aioseo_notices":[],"_links":{"self":[{"href":"https:\/\/modestihouse.com\/index.php\/wp-json\/wp\/v2\/product\/32202","targetHints":{"allow":["GET"]}}],"collection":[{"href":"https:\/\/modestihouse.com\/index.php\/wp-json\/wp\/v2\/product"}],"about":[{"href":"https:\/\/modestihouse.com\/index.php\/wp-json\/wp\/v2\/types\/product"}],"wp:featuredmedia":[{"embeddable":true,"href":"https:\/\/modestihouse.com\/index.php\/wp-json\/wp\/v2\/media\/32251"}],"wp:attachment":[{"href":"https:\/\/modestihouse.com\/index.php\/wp-json\/wp\/v2\/media?parent=32202"}],"wp:term":[{"taxonomy":"product_brand","embeddable":true,"href":"https:\/\/modestihouse.com\/index.php\/wp-json\/wp\/v2\/product_brand?post=32202"},{"taxonomy":"product_cat","embeddable":true,"href":"https:\/\/modestihouse.com\/index.php\/wp-json\/wp\/v2\/product_cat?post=32202"},{"taxonomy":"product_tag","embeddable":true,"href":"https:\/\/modestihouse.com\/index.php\/wp-json\/wp\/v2\/product_tag?post=32202"}],"curies":[{"name":"wp","href":"https:\/\/api.w.org\/{rel}","templated":true}]}}