{"id":32203,"date":"2024-10-08T10:03:12","date_gmt":"2024-10-08T08:03:12","guid":{"rendered":"https:\/\/modestihouse.com\/?post_type=product&#038;p=32203"},"modified":"2024-10-08T10:03:50","modified_gmt":"2024-10-08T08:03:50","slug":"microondas-20l-blanco-hyundai","status":"publish","type":"product","link":"https:\/\/modestihouse.com\/index.php\/producto\/microondas-20l-blanco-hyundai\/","title":{"rendered":"MICROONDAS 20L BLANCO HYUNDAI"},"content":{"rendered":"<p>MICROONDAS 20L BLANCO HYUNDAI<\/p>\n<p>Microondas 20 litros Blanco.<\/p>\n<p>Potencia : 700W, 6 Niveles de funcionamiento, temporizador de 0-30 minutos. Funci\u00f3n de descongelaci\u00f3n, se\u00f1al de fin de cocci\u00f3.<\/p>\n<p>Dimensiones: 45.10cm (an) x 25.60cm (al) x 33.50cm (f)<\/p>\n<p>HYMI20LMB4 Capacidad: 20L Funci\u00f3n: Microondas Control: Mec\u00e1nico 700w \/ 1150w Niveles de potencia: 6 Funci\u00f3n Descongelaci\u00f3n: Si Funci\u00f3n Grill:No Potencia Grill: &#8211; Cerradura seguridad ni\u00f1os: No Se\u00f1al de final de cocci\u00f3n: Si Luz interior: Si Tiempo: 30min Estilo puerta: presionar bot\u00f3n Tama\u00f1o de la cavidad (mm):W295xH192xD296 Producto (WxHxD en mm): W451xH256.5xD335 Peso Neto: 10,2kg Peso Bruto: 11,2 kg<\/p>\n","protected":false},"excerpt":{"rendered":"<p>MICROONDAS 20L BLANCO HYUNDAI Microondas 20 litros Blanco. Potencia : 700W, 6 Niveles de funcionamiento, temporizador de 0-30 minutos. Funci\u00f3n<\/p>\n","protected":false},"featured_media":32252,"template":"","meta":[],"product_brand":[],"product_cat":[356,361],"product_tag":[],"class_list":{"0":"post-32203","1":"product","2":"type-product","3":"status-publish","4":"has-post-thumbnail","6":"product_cat-electrodomesticos","7":"product_cat-microndas","9":"first","10":"instock","11":"shipping-taxable","12":"purchasable","13":"product-type-simple"},"aioseo_notices":[],"_links":{"self":[{"href":"https:\/\/modestihouse.com\/index.php\/wp-json\/wp\/v2\/product\/32203","targetHints":{"allow":["GET"]}}],"collection":[{"href":"https:\/\/modestihouse.com\/index.php\/wp-json\/wp\/v2\/product"}],"about":[{"href":"https:\/\/modestihouse.com\/index.php\/wp-json\/wp\/v2\/types\/product"}],"wp:featuredmedia":[{"embeddable":true,"href":"https:\/\/modestihouse.com\/index.php\/wp-json\/wp\/v2\/media\/32252"}],"wp:attachment":[{"href":"https:\/\/modestihouse.com\/index.php\/wp-json\/wp\/v2\/media?parent=32203"}],"wp:term":[{"taxonomy":"product_brand","embeddable":true,"href":"https:\/\/modestihouse.com\/index.php\/wp-json\/wp\/v2\/product_brand?post=32203"},{"taxonomy":"product_cat","embeddable":true,"href":"https:\/\/modestihouse.com\/index.php\/wp-json\/wp\/v2\/product_cat?post=32203"},{"taxonomy":"product_tag","embeddable":true,"href":"https:\/\/modestihouse.com\/index.php\/wp-json\/wp\/v2\/product_tag?post=32203"}],"curies":[{"name":"wp","href":"https:\/\/api.w.org\/{rel}","templated":true}]}}