{"id":32225,"date":"2024-10-08T10:03:36","date_gmt":"2024-10-08T08:03:36","guid":{"rendered":"https:\/\/modestihouse.com\/?post_type=product&#038;p=32225"},"modified":"2024-10-08T10:03:52","modified_gmt":"2024-10-08T08:03:52","slug":"microondas-grill-hyundai-20l-blanco","status":"publish","type":"product","link":"https:\/\/modestihouse.com\/index.php\/producto\/microondas-grill-hyundai-20l-blanco\/","title":{"rendered":"MICROONDAS GRILL HYUNDAI 20L BLANCO"},"content":{"rendered":"<p>MICROONDAS GRILL<\/p>\n<p>HYUNDAI 20L BLANCO<\/p>\n<p>Ref:HYMI20LGMB3<\/p>\n<p>Microondas 20 litros grill Blanco.<\/p>\n<p>Potencia : 700W, Potencia de grill : 800W, 9 Niveles de funcionamiento, temporizador de 0-30 minutos. Funci\u00f3n de descongelaci\u00f3n, se\u00f1al de fin de cocci\u00f3n y plato giratorio 245 mm<\/p>\n<p>Dimensiones: 45cm (an) x 26cm (al) x 33cm (f)<\/p>\n","protected":false},"excerpt":{"rendered":"<p>MICROONDAS GRILL HYUNDAI 20L BLANCO Ref:HYMI20LGMB3 Microondas 20 litros grill Blanco. Potencia : 700W, Potencia de grill : 800W, 9<\/p>\n","protected":false},"featured_media":32254,"template":"","meta":[],"product_brand":[],"product_cat":[356,361],"product_tag":[],"class_list":{"0":"post-32225","1":"product","2":"type-product","3":"status-publish","4":"has-post-thumbnail","6":"product_cat-electrodomesticos","7":"product_cat-microndas","9":"first","10":"instock","11":"shipping-taxable","12":"purchasable","13":"product-type-simple"},"aioseo_notices":[],"_links":{"self":[{"href":"https:\/\/modestihouse.com\/index.php\/wp-json\/wp\/v2\/product\/32225","targetHints":{"allow":["GET"]}}],"collection":[{"href":"https:\/\/modestihouse.com\/index.php\/wp-json\/wp\/v2\/product"}],"about":[{"href":"https:\/\/modestihouse.com\/index.php\/wp-json\/wp\/v2\/types\/product"}],"wp:featuredmedia":[{"embeddable":true,"href":"https:\/\/modestihouse.com\/index.php\/wp-json\/wp\/v2\/media\/32254"}],"wp:attachment":[{"href":"https:\/\/modestihouse.com\/index.php\/wp-json\/wp\/v2\/media?parent=32225"}],"wp:term":[{"taxonomy":"product_brand","embeddable":true,"href":"https:\/\/modestihouse.com\/index.php\/wp-json\/wp\/v2\/product_brand?post=32225"},{"taxonomy":"product_cat","embeddable":true,"href":"https:\/\/modestihouse.com\/index.php\/wp-json\/wp\/v2\/product_cat?post=32225"},{"taxonomy":"product_tag","embeddable":true,"href":"https:\/\/modestihouse.com\/index.php\/wp-json\/wp\/v2\/product_tag?post=32225"}],"curies":[{"name":"wp","href":"https:\/\/api.w.org\/{rel}","templated":true}]}}