{"id":32228,"date":"2024-10-08T10:03:37","date_gmt":"2024-10-08T08:03:37","guid":{"rendered":"https:\/\/modestihouse.com\/?post_type=product&#038;p=32228"},"modified":"2024-10-08T10:03:55","modified_gmt":"2024-10-08T08:03:55","slug":"termo-elec-kympo-50l-75b-1500w","status":"publish","type":"product","link":"https:\/\/modestihouse.com\/index.php\/producto\/termo-elec-kympo-50l-75b-1500w\/","title":{"rendered":"TERMO ELEC.KYMPO 50L. 7,5B. 1500W"},"content":{"rendered":"<h1 class=\"h1 product-detail-name\">TERMO ELEC.KYMPO 50L. 7,5B. 1500W<\/h1>\n<div class=\"productRef\">Ref:D50V15Q2<\/div>\n<div><\/div>\n<div>Termo el\u00e9ctrico: Capacidad: 50 litros Con control externo de temperatura, Interior de enamel vitrificado: Dise\u00f1ado especialmente para aguas calcificadas, Potencia: 1.500W &#8211; Interior aislante para prevenir perdidas de calor y ahorro de energ\u00eda, Temperatura: aprox. 75\u00baC &#8211; Presi\u00f3n: 7,5 bares &#8211; Corriente: 6.5A, Protecci\u00f3n contra sobrecalentamiento + protecci\u00f3n contra uso en seco &#8211; DIMENSIONES: 40cm (an) x 64cm (al) x 40cm (f)<\/div>\n","protected":false},"excerpt":{"rendered":"<p>TERMO ELEC.KYMPO 50L. 7,5B. 1500W Ref:D50V15Q2 Termo el\u00e9ctrico: Capacidad: 50 litros Con control externo de temperatura, Interior de enamel vitrificado:<\/p>\n","protected":false},"featured_media":32257,"template":"","meta":[],"product_brand":[],"product_cat":[356,362],"product_tag":[],"class_list":{"0":"post-32228","1":"product","2":"type-product","3":"status-publish","4":"has-post-thumbnail","6":"product_cat-electrodomesticos","7":"product_cat-termos","9":"first","10":"instock","11":"shipping-taxable","12":"purchasable","13":"product-type-simple"},"aioseo_notices":[],"_links":{"self":[{"href":"https:\/\/modestihouse.com\/index.php\/wp-json\/wp\/v2\/product\/32228","targetHints":{"allow":["GET"]}}],"collection":[{"href":"https:\/\/modestihouse.com\/index.php\/wp-json\/wp\/v2\/product"}],"about":[{"href":"https:\/\/modestihouse.com\/index.php\/wp-json\/wp\/v2\/types\/product"}],"wp:featuredmedia":[{"embeddable":true,"href":"https:\/\/modestihouse.com\/index.php\/wp-json\/wp\/v2\/media\/32257"}],"wp:attachment":[{"href":"https:\/\/modestihouse.com\/index.php\/wp-json\/wp\/v2\/media?parent=32228"}],"wp:term":[{"taxonomy":"product_brand","embeddable":true,"href":"https:\/\/modestihouse.com\/index.php\/wp-json\/wp\/v2\/product_brand?post=32228"},{"taxonomy":"product_cat","embeddable":true,"href":"https:\/\/modestihouse.com\/index.php\/wp-json\/wp\/v2\/product_cat?post=32228"},{"taxonomy":"product_tag","embeddable":true,"href":"https:\/\/modestihouse.com\/index.php\/wp-json\/wp\/v2\/product_tag?post=32228"}],"curies":[{"name":"wp","href":"https:\/\/api.w.org\/{rel}","templated":true}]}}