{"id":32230,"date":"2024-10-08T10:03:37","date_gmt":"2024-10-08T08:03:37","guid":{"rendered":"https:\/\/modestihouse.com\/?post_type=product&#038;p=32230"},"modified":"2024-10-08T10:03:57","modified_gmt":"2024-10-08T08:03:57","slug":"termo-electrico-newpol-100-litros","status":"publish","type":"product","link":"https:\/\/modestihouse.com\/index.php\/producto\/termo-electrico-newpol-100-litros\/","title":{"rendered":"TERMO EL\u00c9CTRICO NEWPOL 100 LITROS"},"content":{"rendered":"<h1 class=\"h1 product-detail-name\">TERMO EL\u00c9CTRICO 100 LITROS NW100MR<\/h1>\n<div class=\"productRef\">Ref:NW100MR<\/div>\n<div><\/div>\n<div>\n<p>Termo el\u00e9ctrico 100 litros. Clase energ\u00e9tica C, con control externo de temperatura. Interior de enamel vitrificado: Dise\u00f1ado especialmente para aguas calcificadas, Potencia: 1.980W &#8211; Interior aislante para prevenir perdidas de calor y ahorro de energ\u00eda, Temperatura: aprox. 35\u00baC-85\u00baC<\/p>\n<p>Dimensiones: 420x420x1047<\/p>\n<\/div>\n","protected":false},"excerpt":{"rendered":"<p>TERMO EL\u00c9CTRICO 100 LITROS NW100MR Ref:NW100MR Termo el\u00e9ctrico 100 litros. Clase energ\u00e9tica C, con control externo de temperatura. Interior de<\/p>\n","protected":false},"featured_media":32259,"template":"","meta":[],"product_brand":[],"product_cat":[356,362],"product_tag":[],"class_list":{"0":"post-32230","1":"product","2":"type-product","3":"status-publish","4":"has-post-thumbnail","6":"product_cat-electrodomesticos","7":"product_cat-termos","9":"first","10":"instock","11":"shipping-taxable","12":"purchasable","13":"product-type-simple"},"aioseo_notices":[],"_links":{"self":[{"href":"https:\/\/modestihouse.com\/index.php\/wp-json\/wp\/v2\/product\/32230","targetHints":{"allow":["GET"]}}],"collection":[{"href":"https:\/\/modestihouse.com\/index.php\/wp-json\/wp\/v2\/product"}],"about":[{"href":"https:\/\/modestihouse.com\/index.php\/wp-json\/wp\/v2\/types\/product"}],"wp:featuredmedia":[{"embeddable":true,"href":"https:\/\/modestihouse.com\/index.php\/wp-json\/wp\/v2\/media\/32259"}],"wp:attachment":[{"href":"https:\/\/modestihouse.com\/index.php\/wp-json\/wp\/v2\/media?parent=32230"}],"wp:term":[{"taxonomy":"product_brand","embeddable":true,"href":"https:\/\/modestihouse.com\/index.php\/wp-json\/wp\/v2\/product_brand?post=32230"},{"taxonomy":"product_cat","embeddable":true,"href":"https:\/\/modestihouse.com\/index.php\/wp-json\/wp\/v2\/product_cat?post=32230"},{"taxonomy":"product_tag","embeddable":true,"href":"https:\/\/modestihouse.com\/index.php\/wp-json\/wp\/v2\/product_tag?post=32230"}],"curies":[{"name":"wp","href":"https:\/\/api.w.org\/{rel}","templated":true}]}}