{"id":32232,"date":"2024-10-08T10:03:37","date_gmt":"2024-10-08T08:03:37","guid":{"rendered":"https:\/\/modestihouse.com\/?post_type=product&#038;p=32232"},"modified":"2024-10-08T10:04:00","modified_gmt":"2024-10-08T08:04:00","slug":"termo-electrico-100-l-hyundai","status":"publish","type":"product","link":"https:\/\/modestihouse.com\/index.php\/producto\/termo-electrico-100-l-hyundai\/","title":{"rendered":"TERMO EL\u00c9CTRICO 100 L HYUNDAI"},"content":{"rendered":"<h1 class=\"h1 product-detail-name\">TERMO EL\u00c9CTRICO 100 L<\/h1>\n<div class=\"productRef\">Ref:HYT100LDB<\/div>\n<div><\/div>\n<div>CARACTER\u00cdSTICAS GENERALES:<\/div>\n<div><\/div>\n<div>Termo el\u00e9ctrico 100L Clase energ\u00e9tica C (seg\u00fan Normativa Europea), Calefacci\u00f3n r\u00e1pida de agua con 2000 W con elemento calefactor, Operativo a 50 Hz &amp; 60 Hz \/ Frecuencia de Alimentaci\u00f3n, High-Tech. Aislamiento de Poliuretano Verde (No fl\u00faor ), Resistencia a muy alta presi\u00f3n para la fiabilidad del tanque (Testado a 24 Bar)<\/div>\n<div>\n&#8211; Usuario de Panel de control F\u00e1cil<br \/>\n&#8211; 100L<br \/>\n&#8211; Instalaci\u00f3n y Mantenimientos sencillos<br \/>\n&#8211; 220-240V Tensi\u00f3n de Alimentaci\u00f3n<\/p>\n<p>PROTECCIONES :<\/p>\n<p>&#8211; Protecci\u00f3n contra sobrecalentamiento<br \/>\n&#8211; Tanque de protecci\u00f3n anticorrosi\u00f3n- Protecci\u00f3n contra fluctuaciones de tensi\u00f3n<br \/>\n&#8211; Protecci\u00f3n anticongelante<br \/>\n&#8211; Protecci\u00f3n anti secado<br \/>\n&#8211; Esmaltado de Titanio<br \/>\n&#8211; \u00c1nodo de Magnesio<br \/>\n&#8211; Protecci\u00f3n a alta presi\u00f3n con v\u00e1lvula de seguridad<\/p>\n<p>CARACTER\u00cdSTICAS EXTRA:<\/p><\/div>\n<div>&#8211; L\u00ednea de soldadura \u00fanica en el tanque interior<br \/>\n&#8211; Elemento calefactor de tipo de inmersi\u00f3n<br \/>\n&#8211; Acero Inoxidable<br \/>\n&#8211; Larga duraci\u00f3n<\/p>\n<p>ESPECIFICACIONES:<\/p>\n<p>&#8211; Clase energ\u00e9tica C (seg\u00fan Normativa Europea)<\/p>\n<p>&#8211; Calefacci\u00f3n r\u00e1pida de agua con 2000 W con elemento calefactor<\/p>\n<p>&#8211; Operativo a 50 Hz &amp; 60 Hz \/ Frecuencia de Alimentaci\u00f3n- High-Tech. Aislamiento de Poliuretano Verde (No fl\u00faor )<\/p>\n<p>&#8211; Resistencia a muy alta presi\u00f3n para la fiabilidad del tanque (Testado a 24 Bar)<\/p>\n<p>-Medidas: Ancho 42,6cm; Alto 104,7cm<\/p><\/div>\n<div><\/div>\n<div><\/div>\n","protected":false},"excerpt":{"rendered":"<p>TERMO EL\u00c9CTRICO 100 L Ref:HYT100LDB CARACTER\u00cdSTICAS GENERALES: Termo el\u00e9ctrico 100L Clase energ\u00e9tica C (seg\u00fan Normativa Europea), Calefacci\u00f3n r\u00e1pida de agua<\/p>\n","protected":false},"featured_media":32262,"template":"","meta":[],"product_brand":[],"product_cat":[356,362],"product_tag":[],"class_list":{"0":"post-32232","1":"product","2":"type-product","3":"status-publish","4":"has-post-thumbnail","6":"product_cat-electrodomesticos","7":"product_cat-termos","9":"first","10":"instock","11":"shipping-taxable","12":"purchasable","13":"product-type-simple"},"aioseo_notices":[],"_links":{"self":[{"href":"https:\/\/modestihouse.com\/index.php\/wp-json\/wp\/v2\/product\/32232","targetHints":{"allow":["GET"]}}],"collection":[{"href":"https:\/\/modestihouse.com\/index.php\/wp-json\/wp\/v2\/product"}],"about":[{"href":"https:\/\/modestihouse.com\/index.php\/wp-json\/wp\/v2\/types\/product"}],"wp:featuredmedia":[{"embeddable":true,"href":"https:\/\/modestihouse.com\/index.php\/wp-json\/wp\/v2\/media\/32262"}],"wp:attachment":[{"href":"https:\/\/modestihouse.com\/index.php\/wp-json\/wp\/v2\/media?parent=32232"}],"wp:term":[{"taxonomy":"product_brand","embeddable":true,"href":"https:\/\/modestihouse.com\/index.php\/wp-json\/wp\/v2\/product_brand?post=32232"},{"taxonomy":"product_cat","embeddable":true,"href":"https:\/\/modestihouse.com\/index.php\/wp-json\/wp\/v2\/product_cat?post=32232"},{"taxonomy":"product_tag","embeddable":true,"href":"https:\/\/modestihouse.com\/index.php\/wp-json\/wp\/v2\/product_tag?post=32232"}],"curies":[{"name":"wp","href":"https:\/\/api.w.org\/{rel}","templated":true}]}}