{"id":32236,"date":"2024-10-08T10:03:38","date_gmt":"2024-10-08T08:03:38","guid":{"rendered":"https:\/\/modestihouse.com\/?post_type=product&#038;p=32236"},"modified":"2024-10-08T10:04:09","modified_gmt":"2024-10-08T08:04:09","slug":"termo-electrico-ingnis-80l","status":"publish","type":"product","link":"https:\/\/modestihouse.com\/index.php\/producto\/termo-electrico-ingnis-80l\/","title":{"rendered":"TERMO EL\u00c9CTRICO INGNIS 80L"},"content":{"rendered":"<h1 class=\"h1 product-detail-name\">TERMO EL\u00c9CTRICO 80L SVB80<\/h1>\n<div class=\"productRef\">Ref:SVB80<\/div>\n<div><\/div>\n<div>\n<p>Termo el\u00e9ctrico 80 litros, Potencia: 1.200W Clase C, Interior de enamel vitrificado: Dise\u00f1ado especialmente para aguas calcificadas para su protecci\u00f3n m\u00e1xima contra la corrosi\u00f3n.<\/p>\n<p>Interior aislante de foam poliurethane de 3cm para prevenir perdidas de calor y ahorro de energ\u00eda, Anodo de magnesio de f\u00e1cil comprobaci\u00f3n y sustituci\u00f3n &#8211; Soporte a pared trasera adaptable a cualquier instalaci\u00f3n (previa) en pared &#8211;\u00a0Dimensiones: 46x46x70 cm<\/p>\n<\/div>\n","protected":false},"excerpt":{"rendered":"<p>TERMO EL\u00c9CTRICO 80L SVB80 Ref:SVB80 Termo el\u00e9ctrico 80 litros, Potencia: 1.200W Clase C, Interior de enamel vitrificado: Dise\u00f1ado especialmente para<\/p>\n","protected":false},"featured_media":32283,"template":"","meta":[],"product_brand":[],"product_cat":[356,362],"product_tag":[],"class_list":{"0":"post-32236","1":"product","2":"type-product","3":"status-publish","4":"has-post-thumbnail","6":"product_cat-electrodomesticos","7":"product_cat-termos","9":"first","10":"instock","11":"shipping-taxable","12":"purchasable","13":"product-type-simple"},"aioseo_notices":[],"_links":{"self":[{"href":"https:\/\/modestihouse.com\/index.php\/wp-json\/wp\/v2\/product\/32236","targetHints":{"allow":["GET"]}}],"collection":[{"href":"https:\/\/modestihouse.com\/index.php\/wp-json\/wp\/v2\/product"}],"about":[{"href":"https:\/\/modestihouse.com\/index.php\/wp-json\/wp\/v2\/types\/product"}],"wp:featuredmedia":[{"embeddable":true,"href":"https:\/\/modestihouse.com\/index.php\/wp-json\/wp\/v2\/media\/32283"}],"wp:attachment":[{"href":"https:\/\/modestihouse.com\/index.php\/wp-json\/wp\/v2\/media?parent=32236"}],"wp:term":[{"taxonomy":"product_brand","embeddable":true,"href":"https:\/\/modestihouse.com\/index.php\/wp-json\/wp\/v2\/product_brand?post=32236"},{"taxonomy":"product_cat","embeddable":true,"href":"https:\/\/modestihouse.com\/index.php\/wp-json\/wp\/v2\/product_cat?post=32236"},{"taxonomy":"product_tag","embeddable":true,"href":"https:\/\/modestihouse.com\/index.php\/wp-json\/wp\/v2\/product_tag?post=32236"}],"curies":[{"name":"wp","href":"https:\/\/api.w.org\/{rel}","templated":true}]}}