{"id":32267,"date":"2024-10-08T10:04:04","date_gmt":"2024-10-08T08:04:04","guid":{"rendered":"https:\/\/modestihouse.com\/?post_type=product&#038;p=32267"},"modified":"2024-10-08T10:04:59","modified_gmt":"2024-10-08T08:04:59","slug":"canape-arcon-con-patas-mod-benevento","status":"publish","type":"product","link":"https:\/\/modestihouse.com\/index.php\/producto\/canape-arcon-con-patas-mod-benevento\/","title":{"rendered":"Canap\u00e9 Arc\u00f3n Con patas Mod: Benevento"},"content":{"rendered":"<p>Canap\u00e9 arc\u00f3n con patas elevado del suelo<\/p>\n<p>Adecuado para lugares h\u00famedos y limpieza autom\u00e1tica del suelo con robot<\/p>\n<p>Disponible en blanco y cambria\/roble<\/p>\n<p>Patas en madera de haya<\/p>\n","protected":false},"excerpt":{"rendered":"<p>Canap\u00e9 arc\u00f3n con patas elevado del suelo Adecuado para lugares h\u00famedos y limpieza autom\u00e1tica del suelo con robot Disponible en<\/p>\n","protected":false},"featured_media":32296,"template":"","meta":[],"product_brand":[],"product_cat":[287],"product_tag":[],"class_list":{"0":"post-32267","1":"product","2":"type-product","3":"status-publish","4":"has-post-thumbnail","6":"product_cat-canapes-abatibles","8":"first","9":"instock","10":"sale","11":"shipping-taxable","12":"purchasable","13":"product-type-variable"},"aioseo_notices":[],"_links":{"self":[{"href":"https:\/\/modestihouse.com\/index.php\/wp-json\/wp\/v2\/product\/32267","targetHints":{"allow":["GET"]}}],"collection":[{"href":"https:\/\/modestihouse.com\/index.php\/wp-json\/wp\/v2\/product"}],"about":[{"href":"https:\/\/modestihouse.com\/index.php\/wp-json\/wp\/v2\/types\/product"}],"wp:featuredmedia":[{"embeddable":true,"href":"https:\/\/modestihouse.com\/index.php\/wp-json\/wp\/v2\/media\/32296"}],"wp:attachment":[{"href":"https:\/\/modestihouse.com\/index.php\/wp-json\/wp\/v2\/media?parent=32267"}],"wp:term":[{"taxonomy":"product_brand","embeddable":true,"href":"https:\/\/modestihouse.com\/index.php\/wp-json\/wp\/v2\/product_brand?post=32267"},{"taxonomy":"product_cat","embeddable":true,"href":"https:\/\/modestihouse.com\/index.php\/wp-json\/wp\/v2\/product_cat?post=32267"},{"taxonomy":"product_tag","embeddable":true,"href":"https:\/\/modestihouse.com\/index.php\/wp-json\/wp\/v2\/product_tag?post=32267"}],"curies":[{"name":"wp","href":"https:\/\/api.w.org\/{rel}","templated":true}]}}