{"id":32275,"date":"2024-10-08T10:04:05","date_gmt":"2024-10-08T08:04:05","guid":{"rendered":"https:\/\/modestihouse.com\/?post_type=product&#038;p=32275"},"modified":"2024-10-08T10:04:48","modified_gmt":"2024-10-08T08:04:48","slug":"aparador-nepo-120cm","status":"publish","type":"product","link":"https:\/\/modestihouse.com\/index.php\/producto\/aparador-nepo-120cm\/","title":{"rendered":"APARADOR NEPO 120CM"},"content":{"rendered":"<p>Parte de colecci\u00f3n de muebles modernos NEPO. Con tiradores modernos rectos de metal, color cambrian intenso con textura pronunciada y con los elementos en blanco, ergon\u00f3micos y funcionales son las principales caracter\u00edsticas del conjunto. Los elementos encajan perfectamente en el tono de la entrada, la sala de estar, recibidor, habitaci\u00f3n de los ni\u00f1os y dormitorio, llen\u00e1ndolos con el esp\u00edritu de la contempor\u00e1neo.<\/p>\n<p>Medidas:<\/p>\n<p>L118,5 x F33,5 x A83,5<\/p>\n","protected":false},"excerpt":{"rendered":"<p>Parte de colecci\u00f3n de muebles modernos NEPO. Con tiradores modernos rectos de metal, color cambrian intenso con textura pronunciada y<\/p>\n","protected":false},"featured_media":32326,"template":"","meta":[],"product_brand":[],"product_cat":[202,70],"product_tag":[],"class_list":{"0":"post-32275","1":"product","2":"type-product","3":"status-publish","4":"has-post-thumbnail","6":"product_cat-aparadores","7":"product_cat-recibidores","9":"first","10":"instock","11":"sale","12":"shipping-taxable","13":"purchasable","14":"product-type-simple"},"aioseo_notices":[],"_links":{"self":[{"href":"https:\/\/modestihouse.com\/index.php\/wp-json\/wp\/v2\/product\/32275","targetHints":{"allow":["GET"]}}],"collection":[{"href":"https:\/\/modestihouse.com\/index.php\/wp-json\/wp\/v2\/product"}],"about":[{"href":"https:\/\/modestihouse.com\/index.php\/wp-json\/wp\/v2\/types\/product"}],"wp:featuredmedia":[{"embeddable":true,"href":"https:\/\/modestihouse.com\/index.php\/wp-json\/wp\/v2\/media\/32326"}],"wp:attachment":[{"href":"https:\/\/modestihouse.com\/index.php\/wp-json\/wp\/v2\/media?parent=32275"}],"wp:term":[{"taxonomy":"product_brand","embeddable":true,"href":"https:\/\/modestihouse.com\/index.php\/wp-json\/wp\/v2\/product_brand?post=32275"},{"taxonomy":"product_cat","embeddable":true,"href":"https:\/\/modestihouse.com\/index.php\/wp-json\/wp\/v2\/product_cat?post=32275"},{"taxonomy":"product_tag","embeddable":true,"href":"https:\/\/modestihouse.com\/index.php\/wp-json\/wp\/v2\/product_tag?post=32275"}],"curies":[{"name":"wp","href":"https:\/\/api.w.org\/{rel}","templated":true}]}}