{"id":32303,"date":"2024-10-08T10:04:33","date_gmt":"2024-10-08T08:04:33","guid":{"rendered":"https:\/\/modestihouse.com\/?post_type=product&#038;p=32303"},"modified":"2024-10-15T22:19:39","modified_gmt":"2024-10-15T20:19:39","slug":"canape-abatible-goya","status":"publish","type":"product","link":"https:\/\/modestihouse.com\/index.php\/producto\/canape-abatible-goya\/","title":{"rendered":"Canap\u00e9 Abatible Goya"},"content":{"rendered":"<p>Armaz\u00f3n en tablero de tablero de part\u00edculas de 30mm y fondo en tablero de part\u00edculas de 12mm.<\/p>\n<p>Esquinas en madera de MDF.<\/p>\n<p>Sistema de elevaci\u00f3n a gas.<\/p>\n<p>Colores madera: Blanco, cerezo, wengu\u00e9, vintage, cambrian y \u00e1rtic<\/p>\n<p>Tapa tapizada en tejido 3D ANTIDESLIZNTE<\/p>\n<p>Estructura de la tapa de tubo met\u00e1lico de 30x30x1mm con barras longitudinales de refuerzo.<\/p>\n<p>Tapa en tablero de madera MDF de 6mm. perforado y siliconado.<\/p>\n<p>Alto: 35,5 Cm. Interior \u00fatil 28,5 Cm.<\/p>\n<p>A\u00f1ade todos los extras que desees y dale un toque personal:<\/p>\n<p>opcional Tapa con marco en poli piel, ( CONSULTAR )<\/p>\n<p>opcional ,apertura lateral, ( CONSULTAR )<\/p>\n<p>opcional apertura motorizada, ( CONSULTAR )<\/p>\n<p><strong>CARACTER\u00cdSTICAS\u00a0 ARC\u00d3N<\/strong>:<\/p>\n<p><strong>LARGUERO Y PIECERO:<\/strong> Aglomerado 30mm,<a href=\"https:\/\/modestihouse.com\/wp-admin\/post.php?post=26045&amp;action=edit#\" data-choose=\"A\u00f1adir im\u00e1genes a la galer\u00eda de productos\" data-update=\"A\u00f1adir a la galer\u00eda\" data-delete=\"Borrar imagen\" data-text=\"Borrar\">\u00a0<\/a><img decoding=\"async\" class=\"alignnone size-medium wp-image-26060\" src=\"https:\/\/modestihouse.com\/wp-content\/uploads\/2023\/02\/canape-goya-1-400x267.webp\" alt=\"\" width=\"400\" height=\"267\" \/><\/p>\n<p><strong>FONDO:<\/strong>\u00a0Aglomerado 12 mm, m\u00e1s melamina blanco.<\/p>\n<p><strong>PATAS<\/strong>: MDF<\/p>\n<p><strong>TAPA:<\/strong>\u00a0Tablero de DM 6 mm perforado y siliconado.<\/p>\n<p>&nbsp;<\/p>\n<p><strong>CARACTER\u00cdSTICAS\u00a0 TAPA:<\/strong><\/p>\n<p><strong>-ANCHO 80, 90, 105, 120:<\/strong><\/p>\n<p>2 barras longitudinales mas refuerzos laterales 80 cm.<\/p>\n<p><strong>-ANCHO 135, 150:<\/strong><\/p>\n<p>3 barras longitudinales m\u00e1s refuerzos laterales de 80 cm.<\/p>\n<p><strong>-ANCHO 160:<\/strong><\/p>\n<p>4 barras longitudinales m\u00e1s refuerzos laterales de 80 cm.<\/p>\n<p><strong>-ANCHO 180, 200:<\/strong><\/p>\n<p>5 barras longitudinales m\u00e1s refuerzos laterales de 80 cm.<\/p>\n<p>&nbsp;<\/p>\n","protected":false},"excerpt":{"rendered":"<p>Armaz\u00f3n en tablero de tablero de part\u00edculas de 30mm y fondo en tablero de part\u00edculas de 12mm. Esquinas en madera<\/p>\n","protected":false},"featured_media":32370,"template":"","meta":[],"product_brand":[],"product_cat":[392,287],"product_tag":[],"class_list":{"0":"post-32303","1":"product","2":"type-product","3":"status-publish","4":"has-post-thumbnail","6":"product_cat-camas","7":"product_cat-canapes-abatibles","9":"first","10":"instock","11":"sale","12":"shipping-taxable","13":"purchasable","14":"product-type-variable"},"aioseo_notices":[],"_links":{"self":[{"href":"https:\/\/modestihouse.com\/index.php\/wp-json\/wp\/v2\/product\/32303","targetHints":{"allow":["GET"]}}],"collection":[{"href":"https:\/\/modestihouse.com\/index.php\/wp-json\/wp\/v2\/product"}],"about":[{"href":"https:\/\/modestihouse.com\/index.php\/wp-json\/wp\/v2\/types\/product"}],"wp:featuredmedia":[{"embeddable":true,"href":"https:\/\/modestihouse.com\/index.php\/wp-json\/wp\/v2\/media\/32370"}],"wp:attachment":[{"href":"https:\/\/modestihouse.com\/index.php\/wp-json\/wp\/v2\/media?parent=32303"}],"wp:term":[{"taxonomy":"product_brand","embeddable":true,"href":"https:\/\/modestihouse.com\/index.php\/wp-json\/wp\/v2\/product_brand?post=32303"},{"taxonomy":"product_cat","embeddable":true,"href":"https:\/\/modestihouse.com\/index.php\/wp-json\/wp\/v2\/product_cat?post=32303"},{"taxonomy":"product_tag","embeddable":true,"href":"https:\/\/modestihouse.com\/index.php\/wp-json\/wp\/v2\/product_tag?post=32303"}],"curies":[{"name":"wp","href":"https:\/\/api.w.org\/{rel}","templated":true}]}}