{"id":32349,"date":"2024-10-08T10:05:04","date_gmt":"2024-10-08T08:05:04","guid":{"rendered":"https:\/\/modestihouse.com\/?post_type=product&#038;p=32349"},"modified":"2024-10-08T10:06:10","modified_gmt":"2024-10-08T08:06:10","slug":"golden-3p-chaiselongue","status":"publish","type":"product","link":"https:\/\/modestihouse.com\/index.php\/producto\/golden-3p-chaiselongue\/","title":{"rendered":"Golden 3P + Chaiselongue"},"content":{"rendered":"<p>Sof\u00e1 chaiselongue 3 plazas modelo GOLDEN, tapizado antimanchas en varios colores.<\/p>\n<p>CARACTER\u00cdSTICAS T\u00c9CNICAS<\/p>\n<p>Esqueleto en madera de pino y tablero aglomerado.<br \/>\nChinchas el\u00e1sticas de 60 mm.<br \/>\nAsientos de goma 25kg con fibra y labio.<br \/>\nRespaldos FIBER-FOAM (m\u00e1xima est\u00e9tica y confort).<br \/>\nPatas delanteras madera wengu\u00e9, traseras de pl\u00e1stico.<\/p>\n<p>Colores disponibles<\/p>\n<p>Turron, Chocolate y Gris<\/p>\n<p>Medidas:<\/p>\n<p>L206 x F152 x A100<\/p>\n<p>COLORES DISPONIBLES<\/p>\n<p>TURRON<\/p>\n<p>CHOCOLATE<\/p>\n<p>GRIS<\/p>\n","protected":false},"excerpt":{"rendered":"<p>Sof\u00e1 chaiselongue 3 plazas modelo GOLDEN, tapizado antimanchas en varios colores. CARACTER\u00cdSTICAS T\u00c9CNICAS Esqueleto en madera de pino y tablero<\/p>\n","protected":false},"featured_media":32424,"template":"","meta":[],"product_brand":[],"product_cat":[76,255,71,269,75],"product_tag":[],"class_list":{"0":"post-32349","1":"product","2":"type-product","3":"status-publish","4":"has-post-thumbnail","6":"product_cat-chaise-longue","7":"product_cat-chaiselongues","8":"product_cat-muebles","9":"product_cat-sofa-3p","10":"product_cat-sofas-y-sillones","12":"first","13":"instock","14":"sale","15":"shipping-taxable","16":"purchasable","17":"product-type-simple"},"aioseo_notices":[],"_links":{"self":[{"href":"https:\/\/modestihouse.com\/index.php\/wp-json\/wp\/v2\/product\/32349","targetHints":{"allow":["GET"]}}],"collection":[{"href":"https:\/\/modestihouse.com\/index.php\/wp-json\/wp\/v2\/product"}],"about":[{"href":"https:\/\/modestihouse.com\/index.php\/wp-json\/wp\/v2\/types\/product"}],"wp:featuredmedia":[{"embeddable":true,"href":"https:\/\/modestihouse.com\/index.php\/wp-json\/wp\/v2\/media\/32424"}],"wp:attachment":[{"href":"https:\/\/modestihouse.com\/index.php\/wp-json\/wp\/v2\/media?parent=32349"}],"wp:term":[{"taxonomy":"product_brand","embeddable":true,"href":"https:\/\/modestihouse.com\/index.php\/wp-json\/wp\/v2\/product_brand?post=32349"},{"taxonomy":"product_cat","embeddable":true,"href":"https:\/\/modestihouse.com\/index.php\/wp-json\/wp\/v2\/product_cat?post=32349"},{"taxonomy":"product_tag","embeddable":true,"href":"https:\/\/modestihouse.com\/index.php\/wp-json\/wp\/v2\/product_tag?post=32349"}],"curies":[{"name":"wp","href":"https:\/\/api.w.org\/{rel}","templated":true}]}}