{"id":32352,"date":"2024-10-08T10:05:05","date_gmt":"2024-10-08T08:05:05","guid":{"rendered":"https:\/\/modestihouse.com\/?post_type=product&#038;p=32352"},"modified":"2024-10-08T10:06:22","modified_gmt":"2024-10-08T08:06:22","slug":"sofa-cama-libro-con-arcon-santi","status":"publish","type":"product","link":"https:\/\/modestihouse.com\/index.php\/producto\/sofa-cama-libro-con-arcon-santi\/","title":{"rendered":"Sofa Cama Libro con Arcon Santi"},"content":{"rendered":"<p>Los sof\u00e1s cama tipo libro son la mejor opci\u00f3n para disponer de una cama de reserva para nuestros invitados, sobre todo si el espacio disponible no permite tener un sof\u00e1 cama de apertura italiana o simplemente, por est\u00e9tica, si buscas su practicidad sin sobrecargar demasiado el espacio, gracias a sus l\u00edneas sencillas pero elegantes.<\/p>\n<p>Nuestro sof\u00e1 cama SANTI dispone de una estructura de madera maciza sin nudos para asegurar su resistencia. Mecanismo de apertura f\u00e1cil, con un suave deslizamiento tienes la cama montada sin esfuerzo. Incluye peque\u00f1o arc\u00f3n para usar como almacenamiento.<\/p>\n<p>Disponibles en varios colores<\/p>\n<p>Gris claro, Antracita, Azul, Marron, Mostaza<\/p>\n<p><strong>Medidas:<\/strong><\/p>\n<p>L210 x F90 x A99<\/p>\n<p>Cama 190 x 126 cm.<\/p>\n","protected":false},"excerpt":{"rendered":"<p>Los sof\u00e1s cama tipo libro son la mejor opci\u00f3n para disponer de una cama de reserva para nuestros invitados, sobre<\/p>\n","protected":false},"featured_media":32437,"template":"","meta":[],"product_brand":[],"product_cat":[392,176,254,269,314,75],"product_tag":[],"class_list":{"0":"post-32352","1":"product","2":"type-product","3":"status-publish","4":"has-post-thumbnail","6":"product_cat-camas","7":"product_cat-camas-nido","8":"product_cat-descanso","9":"product_cat-sofa-3p","10":"product_cat-sofas-cama","11":"product_cat-sofas-y-sillones","13":"first","14":"instock","15":"sale","16":"shipping-taxable","17":"purchasable","18":"product-type-simple"},"aioseo_notices":[],"_links":{"self":[{"href":"https:\/\/modestihouse.com\/index.php\/wp-json\/wp\/v2\/product\/32352","targetHints":{"allow":["GET"]}}],"collection":[{"href":"https:\/\/modestihouse.com\/index.php\/wp-json\/wp\/v2\/product"}],"about":[{"href":"https:\/\/modestihouse.com\/index.php\/wp-json\/wp\/v2\/types\/product"}],"wp:featuredmedia":[{"embeddable":true,"href":"https:\/\/modestihouse.com\/index.php\/wp-json\/wp\/v2\/media\/32437"}],"wp:attachment":[{"href":"https:\/\/modestihouse.com\/index.php\/wp-json\/wp\/v2\/media?parent=32352"}],"wp:term":[{"taxonomy":"product_brand","embeddable":true,"href":"https:\/\/modestihouse.com\/index.php\/wp-json\/wp\/v2\/product_brand?post=32352"},{"taxonomy":"product_cat","embeddable":true,"href":"https:\/\/modestihouse.com\/index.php\/wp-json\/wp\/v2\/product_cat?post=32352"},{"taxonomy":"product_tag","embeddable":true,"href":"https:\/\/modestihouse.com\/index.php\/wp-json\/wp\/v2\/product_tag?post=32352"}],"curies":[{"name":"wp","href":"https:\/\/api.w.org\/{rel}","templated":true}]}}