{"id":32400,"date":"2024-10-08T10:05:59","date_gmt":"2024-10-08T08:05:59","guid":{"rendered":"https:\/\/modestihouse.com\/?post_type=product&#038;p=32400"},"modified":"2024-10-08T10:06:47","modified_gmt":"2024-10-08T08:06:47","slug":"sofa-forest-2p","status":"publish","type":"product","link":"https:\/\/modestihouse.com\/index.php\/producto\/sofa-forest-2p\/","title":{"rendered":"Sofa Forest 2P"},"content":{"rendered":"<p>Sof\u00e1 2 plazas modelo FOREST, pieza clave para incluir en tu sal\u00f3n. Su estructura cuenta con asientos fijos de densidad suave, para favorecer la sentada y hacerla a\u00fan m\u00e1s c\u00f3moda. Cuenta con una estructura tapizada en diferentes colores. Perfecto para el uso diario y a la vez muy vers\u00e1til, para combinar f\u00e1cilmente con el resto de mobiliario de la estancia.<\/p>\n<p>Colores disponibles: Marengo, Antracita, Beige y Vison<\/p>\n<p><strong>CARACTER\u00cdSTICAS<\/strong><\/p>\n<ul>\n<li>Estructura de pino y aglomerado de 1\u00aa calidad.<\/li>\n<li>Cincha asiento 80 mm 50% y cincha respaldo 60 mm 60%.<\/li>\n<li>Cojines de asientos gomaespuma densidad 25 kg suave.<\/li>\n<li>Respaldo de brazos gomaespuma picada.<\/li>\n<li>Respaldo, brazos y cojines desenfundables.<\/li>\n<li>Patas PVC en color negro.<\/li>\n<\/ul>\n<p>&nbsp;<\/p>\n<p><strong>Medidas:<\/strong><\/p>\n<p>L160 x F95 x A105<\/p>\n","protected":false},"excerpt":{"rendered":"<p>Sof\u00e1 2 plazas modelo FOREST, pieza clave para incluir en tu sal\u00f3n. Su estructura cuenta con asientos fijos de densidad<\/p>\n","protected":false},"featured_media":32477,"template":"","meta":[],"product_brand":[],"product_cat":[71,280,315,75],"product_tag":[],"class_list":{"0":"post-32400","1":"product","2":"type-product","3":"status-publish","4":"has-post-thumbnail","6":"product_cat-muebles","7":"product_cat-sofa-2p","8":"product_cat-sofas-3-y-2","9":"product_cat-sofas-y-sillones","11":"first","12":"instock","13":"sale","14":"shipping-taxable","15":"purchasable","16":"product-type-simple"},"aioseo_notices":[],"_links":{"self":[{"href":"https:\/\/modestihouse.com\/index.php\/wp-json\/wp\/v2\/product\/32400","targetHints":{"allow":["GET"]}}],"collection":[{"href":"https:\/\/modestihouse.com\/index.php\/wp-json\/wp\/v2\/product"}],"about":[{"href":"https:\/\/modestihouse.com\/index.php\/wp-json\/wp\/v2\/types\/product"}],"wp:featuredmedia":[{"embeddable":true,"href":"https:\/\/modestihouse.com\/index.php\/wp-json\/wp\/v2\/media\/32477"}],"wp:attachment":[{"href":"https:\/\/modestihouse.com\/index.php\/wp-json\/wp\/v2\/media?parent=32400"}],"wp:term":[{"taxonomy":"product_brand","embeddable":true,"href":"https:\/\/modestihouse.com\/index.php\/wp-json\/wp\/v2\/product_brand?post=32400"},{"taxonomy":"product_cat","embeddable":true,"href":"https:\/\/modestihouse.com\/index.php\/wp-json\/wp\/v2\/product_cat?post=32400"},{"taxonomy":"product_tag","embeddable":true,"href":"https:\/\/modestihouse.com\/index.php\/wp-json\/wp\/v2\/product_tag?post=32400"}],"curies":[{"name":"wp","href":"https:\/\/api.w.org\/{rel}","templated":true}]}}