{"id":32403,"date":"2024-10-08T10:06:00","date_gmt":"2024-10-08T08:06:00","guid":{"rendered":"https:\/\/modestihouse.com\/?post_type=product&#038;p=32403"},"modified":"2024-10-08T10:06:57","modified_gmt":"2024-10-08T08:06:57","slug":"monbasa-sofa-pouff","status":"publish","type":"product","link":"https:\/\/modestihouse.com\/index.php\/producto\/monbasa-sofa-pouff\/","title":{"rendered":"MONBASA SOFA + POUFF"},"content":{"rendered":"<p>&nbsp;<\/p>\n<div id=\"tab-content\" class=\"tab-content\">\n<div id=\"description\" class=\"tab-pane in active\" role=\"tabpanel\">\n<div class=\"product-description\">\n<p>Sof\u00e1 chaiselongue reversible modelo MONBASA, tejido antimanchas en varios colores.<\/p>\n<p><strong>CARACTER\u00cdSTICAS T\u00c9CNICAS:<\/strong><\/p>\n<ul>\n<li>Armaz\u00f3n de pino gallego y costados de tablero de part\u00edculas.<\/li>\n<li>Asientos de goma espuma s\u00e1ndwich\u00a0D-30 kg y supersoft D\/20kg.<\/li>\n<li>Respaldos cojines de fibra 100%.<\/li>\n<li>Bastidor con chincha tipo nea.<\/li>\n<li>Pie tac\u00f3n h12 cm color cromo.<\/li>\n<li>Puff reversible.<\/li>\n<\/ul>\n<p>Disponibles en 3 colores<\/p>\n<p>Vison, Ocre, Gris Oscuro<\/p>\n<p><strong>Medidas:<\/strong><\/p>\n<p>L295 x F182 x A105<\/p>\n<\/div>\n<\/div>\n<\/div>\n","protected":false},"excerpt":{"rendered":"<p>&nbsp; Sof\u00e1 chaiselongue reversible modelo MONBASA, tejido antimanchas en varios colores. CARACTER\u00cdSTICAS T\u00c9CNICAS: Armaz\u00f3n de pino gallego y costados de<\/p>\n","protected":false},"featured_media":32490,"template":"","meta":[],"product_brand":[],"product_cat":[76,255,75],"product_tag":[],"class_list":{"0":"post-32403","1":"product","2":"type-product","3":"status-publish","4":"has-post-thumbnail","6":"product_cat-chaise-longue","7":"product_cat-chaiselongues","8":"product_cat-sofas-y-sillones","10":"first","11":"instock","12":"sale","13":"shipping-taxable","14":"purchasable","15":"product-type-simple"},"aioseo_notices":[],"_links":{"self":[{"href":"https:\/\/modestihouse.com\/index.php\/wp-json\/wp\/v2\/product\/32403","targetHints":{"allow":["GET"]}}],"collection":[{"href":"https:\/\/modestihouse.com\/index.php\/wp-json\/wp\/v2\/product"}],"about":[{"href":"https:\/\/modestihouse.com\/index.php\/wp-json\/wp\/v2\/types\/product"}],"wp:featuredmedia":[{"embeddable":true,"href":"https:\/\/modestihouse.com\/index.php\/wp-json\/wp\/v2\/media\/32490"}],"wp:attachment":[{"href":"https:\/\/modestihouse.com\/index.php\/wp-json\/wp\/v2\/media?parent=32403"}],"wp:term":[{"taxonomy":"product_brand","embeddable":true,"href":"https:\/\/modestihouse.com\/index.php\/wp-json\/wp\/v2\/product_brand?post=32403"},{"taxonomy":"product_cat","embeddable":true,"href":"https:\/\/modestihouse.com\/index.php\/wp-json\/wp\/v2\/product_cat?post=32403"},{"taxonomy":"product_tag","embeddable":true,"href":"https:\/\/modestihouse.com\/index.php\/wp-json\/wp\/v2\/product_tag?post=32403"}],"curies":[{"name":"wp","href":"https:\/\/api.w.org\/{rel}","templated":true}]}}