{"id":32407,"date":"2024-10-08T10:06:00","date_gmt":"2024-10-08T08:06:00","guid":{"rendered":"https:\/\/modestihouse.com\/?post_type=product&#038;p=32407"},"modified":"2024-10-08T10:07:05","modified_gmt":"2024-10-08T08:07:05","slug":"maui-sofa-chaise-movil-tap-orion","status":"publish","type":"product","link":"https:\/\/modestihouse.com\/index.php\/producto\/maui-sofa-chaise-movil-tap-orion\/","title":{"rendered":"Maui Sofa + Chaise Movil Tap. Orion"},"content":{"rendered":"<p><strong>CARACTER\u00cdSTICAS:<\/strong><\/p>\n<ul>\n<li>Armaz\u00f3n de pino gallego y costados de tablero de part\u00edculas.<\/li>\n<li>Asientos goma espuma D-30 kg con foam de espuma supersuave recubiertos de fibra.<\/li>\n<li>Respaldos y brazos de fibra 100%.<\/li>\n<li>Bastidor con cincha tipo nea.<\/li>\n<li>M\u00f3dulo reversible.<\/li>\n<li>Pata de madera de haya natural, posibilidad color wengu\u00e9 o negro.<\/li>\n<\/ul>\n<p>Colores disponibles.<\/p>\n<p>Marron, Gris Claro y Gris Oscuro<\/p>\n<p><strong>Medidas:<\/strong><\/p>\n<p>L285 x F170 x A100<\/p>\n","protected":false},"excerpt":{"rendered":"<p>CARACTER\u00cdSTICAS: Armaz\u00f3n de pino gallego y costados de tablero de part\u00edculas. Asientos goma espuma D-30 kg con foam de espuma<\/p>\n","protected":false},"featured_media":32501,"template":"","meta":[],"product_brand":[],"product_cat":[76,404,255,71,269],"product_tag":[],"class_list":{"0":"post-32407","1":"product","2":"type-product","3":"status-publish","4":"has-post-thumbnail","6":"product_cat-chaise-longue","7":"product_cat-chaise-movil","8":"product_cat-chaiselongues","9":"product_cat-muebles","10":"product_cat-sofa-3p","12":"first","13":"instock","14":"sale","15":"shipping-taxable","16":"purchasable","17":"product-type-simple"},"aioseo_notices":[],"_links":{"self":[{"href":"https:\/\/modestihouse.com\/index.php\/wp-json\/wp\/v2\/product\/32407","targetHints":{"allow":["GET"]}}],"collection":[{"href":"https:\/\/modestihouse.com\/index.php\/wp-json\/wp\/v2\/product"}],"about":[{"href":"https:\/\/modestihouse.com\/index.php\/wp-json\/wp\/v2\/types\/product"}],"wp:featuredmedia":[{"embeddable":true,"href":"https:\/\/modestihouse.com\/index.php\/wp-json\/wp\/v2\/media\/32501"}],"wp:attachment":[{"href":"https:\/\/modestihouse.com\/index.php\/wp-json\/wp\/v2\/media?parent=32407"}],"wp:term":[{"taxonomy":"product_brand","embeddable":true,"href":"https:\/\/modestihouse.com\/index.php\/wp-json\/wp\/v2\/product_brand?post=32407"},{"taxonomy":"product_cat","embeddable":true,"href":"https:\/\/modestihouse.com\/index.php\/wp-json\/wp\/v2\/product_cat?post=32407"},{"taxonomy":"product_tag","embeddable":true,"href":"https:\/\/modestihouse.com\/index.php\/wp-json\/wp\/v2\/product_tag?post=32407"}],"curies":[{"name":"wp","href":"https:\/\/api.w.org\/{rel}","templated":true}]}}