{"id":32411,"date":"2024-10-08T10:06:01","date_gmt":"2024-10-08T08:06:01","guid":{"rendered":"https:\/\/modestihouse.com\/?post_type=product&#038;p=32411"},"modified":"2024-10-08T10:07:14","modified_gmt":"2024-10-08T08:07:14","slug":"ohio-chaise-rinconera-tap-katya","status":"publish","type":"product","link":"https:\/\/modestihouse.com\/index.php\/producto\/ohio-chaise-rinconera-tap-katya\/","title":{"rendered":"Ohio Chaise Rinconera Tap. Katya"},"content":{"rendered":"<p><strong>Caracter\u00edsticas T\u00e9cnicas<\/strong><\/p>\n<ul>\n<li>Armaz\u00f3n de pino gallego y costados de tablero de part\u00edculas.<\/li>\n<li>Respaldos cojines de fibra 100%.<\/li>\n<li>Asientos de goma espuma D-28 kg recubiertos de fibra.<\/li>\n<li>Bastidor con cincha tipo Nea.<\/li>\n<li>Pata de madera de haya natural.<\/li>\n<\/ul>\n<p>Colores Disponibles Chaise Derecho e Izquierdo<\/p>\n<p>Vison, Gris Claro y Gris Oscuro<\/p>\n<p><strong>Medidas:<\/strong><\/p>\n<p>L300 x F100\/200 x A100<\/p>\n","protected":false},"excerpt":{"rendered":"<p>Caracter\u00edsticas T\u00e9cnicas Armaz\u00f3n de pino gallego y costados de tablero de part\u00edculas. Respaldos cojines de fibra 100%. Asientos de goma<\/p>\n","protected":false},"featured_media":32513,"template":"","meta":[],"product_brand":[],"product_cat":[76,407,255],"product_tag":[],"class_list":{"0":"post-32411","1":"product","2":"type-product","3":"status-publish","4":"has-post-thumbnail","6":"product_cat-chaise-longue","7":"product_cat-chaise-rinconera","8":"product_cat-chaiselongues","10":"first","11":"instock","12":"sale","13":"shipping-taxable","14":"purchasable","15":"product-type-simple"},"aioseo_notices":[],"_links":{"self":[{"href":"https:\/\/modestihouse.com\/index.php\/wp-json\/wp\/v2\/product\/32411","targetHints":{"allow":["GET"]}}],"collection":[{"href":"https:\/\/modestihouse.com\/index.php\/wp-json\/wp\/v2\/product"}],"about":[{"href":"https:\/\/modestihouse.com\/index.php\/wp-json\/wp\/v2\/types\/product"}],"wp:featuredmedia":[{"embeddable":true,"href":"https:\/\/modestihouse.com\/index.php\/wp-json\/wp\/v2\/media\/32513"}],"wp:attachment":[{"href":"https:\/\/modestihouse.com\/index.php\/wp-json\/wp\/v2\/media?parent=32411"}],"wp:term":[{"taxonomy":"product_brand","embeddable":true,"href":"https:\/\/modestihouse.com\/index.php\/wp-json\/wp\/v2\/product_brand?post=32411"},{"taxonomy":"product_cat","embeddable":true,"href":"https:\/\/modestihouse.com\/index.php\/wp-json\/wp\/v2\/product_cat?post=32411"},{"taxonomy":"product_tag","embeddable":true,"href":"https:\/\/modestihouse.com\/index.php\/wp-json\/wp\/v2\/product_tag?post=32411"}],"curies":[{"name":"wp","href":"https:\/\/api.w.org\/{rel}","templated":true}]}}