{"id":32412,"date":"2024-10-08T10:06:01","date_gmt":"2024-10-08T08:06:01","guid":{"rendered":"https:\/\/modestihouse.com\/?post_type=product&#038;p=32412"},"modified":"2024-10-08T10:07:16","modified_gmt":"2024-10-08T08:07:16","slug":"sofa-cama-tucan-3p","status":"publish","type":"product","link":"https:\/\/modestihouse.com\/index.php\/producto\/sofa-cama-tucan-3p\/","title":{"rendered":"Sofa Cama Tucan 3P"},"content":{"rendered":"<p><strong>Caracter\u00edsticas:<\/strong><\/p>\n<ul>\n<li>Sof\u00e1 cama con mecanismo met\u00e1lico extensible y suspensi\u00f3n de muelle zig-zag.<\/li>\n<li>Esqueleto en madera de pino y tablero aglomerado.<\/li>\n<li>Tejido antimanchas.<\/li>\n<li>100% poli\u00e9ster.<\/li>\n<li>Asiento desenfudable por cremallera con goma 25kg y fibra, que forma un colch\u00f3n de 194&#215;98.<\/li>\n<li>Respaldos desenfudables en fibra y goma.<\/li>\n<li>Coderas desenfudables por cremallera con relleno de fibra y goma.<\/li>\n<li>Brazos desmontables con uni\u00f3n de bayoneta.<\/li>\n<li>Patas delanteras met\u00e1licas y traseras de pl\u00e1stico.<\/li>\n<li>Embalado en caja de cart\u00f3n extra fuerte.<\/li>\n<\/ul>\n<p>Disponibles en 3 colores:<\/p>\n<p>Moka, Marengo y Perla<\/p>\n<p><strong>Medidas:<\/strong><\/p>\n<p><strong>\u00a0\u00a0\u00a0\u00a0<\/strong>L250 x\u00a0F100 x A85<\/p>\n","protected":false},"excerpt":{"rendered":"<p>Caracter\u00edsticas: Sof\u00e1 cama con mecanismo met\u00e1lico extensible y suspensi\u00f3n de muelle zig-zag. Esqueleto en madera de pino y tablero aglomerado.<\/p>\n","protected":false},"featured_media":32516,"template":"","meta":[],"product_brand":[],"product_cat":[269,314,75],"product_tag":[],"class_list":{"0":"post-32412","1":"product","2":"type-product","3":"status-publish","4":"has-post-thumbnail","6":"product_cat-sofa-3p","7":"product_cat-sofas-cama","8":"product_cat-sofas-y-sillones","10":"first","11":"instock","12":"sale","13":"shipping-taxable","14":"purchasable","15":"product-type-simple"},"aioseo_notices":[],"_links":{"self":[{"href":"https:\/\/modestihouse.com\/index.php\/wp-json\/wp\/v2\/product\/32412","targetHints":{"allow":["GET"]}}],"collection":[{"href":"https:\/\/modestihouse.com\/index.php\/wp-json\/wp\/v2\/product"}],"about":[{"href":"https:\/\/modestihouse.com\/index.php\/wp-json\/wp\/v2\/types\/product"}],"wp:featuredmedia":[{"embeddable":true,"href":"https:\/\/modestihouse.com\/index.php\/wp-json\/wp\/v2\/media\/32516"}],"wp:attachment":[{"href":"https:\/\/modestihouse.com\/index.php\/wp-json\/wp\/v2\/media?parent=32412"}],"wp:term":[{"taxonomy":"product_brand","embeddable":true,"href":"https:\/\/modestihouse.com\/index.php\/wp-json\/wp\/v2\/product_brand?post=32412"},{"taxonomy":"product_cat","embeddable":true,"href":"https:\/\/modestihouse.com\/index.php\/wp-json\/wp\/v2\/product_cat?post=32412"},{"taxonomy":"product_tag","embeddable":true,"href":"https:\/\/modestihouse.com\/index.php\/wp-json\/wp\/v2\/product_tag?post=32412"}],"curies":[{"name":"wp","href":"https:\/\/api.w.org\/{rel}","templated":true}]}}