{"id":32415,"date":"2024-10-08T10:06:02","date_gmt":"2024-10-08T08:06:02","guid":{"rendered":"https:\/\/modestihouse.com\/?post_type=product&#038;p=32415"},"modified":"2024-10-08T10:07:35","modified_gmt":"2024-10-08T08:07:35","slug":"mesa-rect-myla-180x90-natural-canto-bocamina","status":"publish","type":"product","link":"https:\/\/modestihouse.com\/index.php\/producto\/mesa-rect-myla-180x90-natural-canto-bocamina\/","title":{"rendered":"Mesa Rect. Myla 180X90 NATURAL\/CANTO BOCAMINA"},"content":{"rendered":"<p>Mesa rectangular\u00a0180&#215;90 cm modelo MYLA, tapa melamina en color\u00a0natural y\u00a0canto bocamina. Patas acero con acabado negro. \u00c1brele las puertas de tu casa a la modernidad y a\u00f1ade un look de lo m\u00e1s natural en tu comedor. Adem\u00e1s, gracias al ligero dise\u00f1o de su estructura de acero en color negro, mantienes la amplitud del espacio.<\/p>\n<p><strong>Medidas:<\/strong><\/p>\n<p><strong>\u00a0\u00a0\u00a0\u00a0<\/strong>L180 x F90 x A76<\/p>\n","protected":false},"excerpt":{"rendered":"<p>Mesa rectangular\u00a0180&#215;90 cm modelo MYLA, tapa melamina en color\u00a0natural y\u00a0canto bocamina. Patas acero con acabado negro. \u00c1brele las puertas de<\/p>\n","protected":false},"featured_media":32543,"template":"","meta":[],"product_brand":[],"product_cat":[220,410,80],"product_tag":[],"class_list":{"0":"post-32415","1":"product","2":"type-product","3":"status-publish","4":"has-post-thumbnail","6":"product_cat-mesa-comedor","7":"product_cat-mesa-rectangular","8":"product_cat-mesas","10":"first","11":"instock","12":"sale","13":"shipping-taxable","14":"purchasable","15":"product-type-simple"},"aioseo_notices":[],"_links":{"self":[{"href":"https:\/\/modestihouse.com\/index.php\/wp-json\/wp\/v2\/product\/32415","targetHints":{"allow":["GET"]}}],"collection":[{"href":"https:\/\/modestihouse.com\/index.php\/wp-json\/wp\/v2\/product"}],"about":[{"href":"https:\/\/modestihouse.com\/index.php\/wp-json\/wp\/v2\/types\/product"}],"wp:featuredmedia":[{"embeddable":true,"href":"https:\/\/modestihouse.com\/index.php\/wp-json\/wp\/v2\/media\/32543"}],"wp:attachment":[{"href":"https:\/\/modestihouse.com\/index.php\/wp-json\/wp\/v2\/media?parent=32415"}],"wp:term":[{"taxonomy":"product_brand","embeddable":true,"href":"https:\/\/modestihouse.com\/index.php\/wp-json\/wp\/v2\/product_brand?post=32415"},{"taxonomy":"product_cat","embeddable":true,"href":"https:\/\/modestihouse.com\/index.php\/wp-json\/wp\/v2\/product_cat?post=32415"},{"taxonomy":"product_tag","embeddable":true,"href":"https:\/\/modestihouse.com\/index.php\/wp-json\/wp\/v2\/product_tag?post=32415"}],"curies":[{"name":"wp","href":"https:\/\/api.w.org\/{rel}","templated":true}]}}