{"id":32562,"date":"2024-10-08T10:07:49","date_gmt":"2024-10-08T08:07:49","guid":{"rendered":"https:\/\/modestihouse.com\/?post_type=product&#038;p=32562"},"modified":"2024-10-08T10:09:51","modified_gmt":"2024-10-08T08:09:51","slug":"sofa-cama-gondola-tap-nido","status":"publish","type":"product","link":"https:\/\/modestihouse.com\/index.php\/producto\/sofa-cama-gondola-tap-nido\/","title":{"rendered":"Sofa Cama Gondola Tap Nido"},"content":{"rendered":"<p>Sof\u00e1 cama G\u00f3ndola con el que tendr\u00e1s un espacio que se adec\u00fae a tus visitas sin renunciar a la est\u00e9tica gracias a su dise\u00f1o y colores disponibles. Se convierte en<strong>\u00a0<\/strong>cama de 150&#215;190 cm en solo un movimiento gracias al sistema de arrastre.<\/p>\n<p>Colores Disponibles Gris Oscuro, Gris Claro, Beige Claro, Vison Claro, Ocre y Turquesa<\/p>\n<p><strong>Caracter\u00edsticas<\/strong><\/p>\n<ul>\n<li>Estructura de madera de pino macizo de alta resistencia, tablero de part\u00edculas y DM.<\/li>\n<li>Sistema de arrastre, convertible en cama de 150 x 190 cm en tan solo un movimiento de la forma m\u00e1s sencilla y c\u00f3moda.<\/li>\n<li>Espuma de alta calidad con una densidad \u00f3ptima para el descanso de 28kg.<\/li>\n<li>Mecanismos deslizantes punto a punto, muy pr\u00e1cticos para ajustarlos a la medida que quieras.<\/li>\n<li>Fabricaci\u00f3n con materias primas de primera calidad.<\/li>\n<li>El mecanismo recoge las almohadas sin necesidad de quitarlas.<\/li>\n<li>Respaldos en fibra hueca conjugada siliconada.<\/li>\n<li>Todos los cojines desenfundables.<\/li>\n<\/ul>\n<p>&nbsp;<\/p>\n<p><strong>Medidas:<\/strong><\/p>\n<p><strong>\u00a0\u00a0\u00a0\u00a0<\/strong>L190\/210 x F100\/150 x A100<\/p>\n","protected":false},"excerpt":{"rendered":"<p>Sof\u00e1 cama G\u00f3ndola con el que tendr\u00e1s un espacio que se adec\u00fae a tus visitas sin renunciar a la est\u00e9tica<\/p>\n","protected":false},"featured_media":32729,"template":"","meta":[],"product_brand":[],"product_cat":[269,314],"product_tag":[],"class_list":{"0":"post-32562","1":"product","2":"type-product","3":"status-publish","4":"has-post-thumbnail","6":"product_cat-sofa-3p","7":"product_cat-sofas-cama","9":"first","10":"instock","11":"sale","12":"shipping-taxable","13":"purchasable","14":"product-type-simple"},"aioseo_notices":[],"_links":{"self":[{"href":"https:\/\/modestihouse.com\/index.php\/wp-json\/wp\/v2\/product\/32562","targetHints":{"allow":["GET"]}}],"collection":[{"href":"https:\/\/modestihouse.com\/index.php\/wp-json\/wp\/v2\/product"}],"about":[{"href":"https:\/\/modestihouse.com\/index.php\/wp-json\/wp\/v2\/types\/product"}],"wp:featuredmedia":[{"embeddable":true,"href":"https:\/\/modestihouse.com\/index.php\/wp-json\/wp\/v2\/media\/32729"}],"wp:attachment":[{"href":"https:\/\/modestihouse.com\/index.php\/wp-json\/wp\/v2\/media?parent=32562"}],"wp:term":[{"taxonomy":"product_brand","embeddable":true,"href":"https:\/\/modestihouse.com\/index.php\/wp-json\/wp\/v2\/product_brand?post=32562"},{"taxonomy":"product_cat","embeddable":true,"href":"https:\/\/modestihouse.com\/index.php\/wp-json\/wp\/v2\/product_cat?post=32562"},{"taxonomy":"product_tag","embeddable":true,"href":"https:\/\/modestihouse.com\/index.php\/wp-json\/wp\/v2\/product_tag?post=32562"}],"curies":[{"name":"wp","href":"https:\/\/api.w.org\/{rel}","templated":true}]}}