{"id":32638,"date":"2024-10-08T10:08:41","date_gmt":"2024-10-08T08:08:41","guid":{"rendered":"https:\/\/modestihouse.com\/?post_type=product&#038;p=32638"},"modified":"2024-10-08T10:10:41","modified_gmt":"2024-10-08T08:10:41","slug":"armario-mario-2p-corredera-140cm","status":"publish","type":"product","link":"https:\/\/modestihouse.com\/index.php\/producto\/armario-mario-2p-corredera-140cm\/","title":{"rendered":"Armario Mario 2P Corredera 140CM"},"content":{"rendered":"<p>Hoy en d\u00eda, un armario de puertas correderas no es un art\u00edculo de lujo, sino m\u00e1s bien un mueble ordinario que combina perfectamente con el interior de la habitaci\u00f3n. Los armarios modernos con puertas correderas est\u00e1n hechos de materiales econ\u00f3micos, pero son de buena calidad y durabilidad a largo plazo. El beneficio principal del armario de puertas corredizas en comparaci\u00f3n con los muebles cl\u00e1sicos es que protege la sala de estar, que es muy actual en las condiciones de vida modernas. El armario de puertas correderas ser\u00e1 una soluci\u00f3n acertada en cualquier estancia: desde los vest\u00edbulos de entrada hasta el dormitorio. El armario de puertas correderas es un art\u00edculo indispensable tanto para el hogar como para la oficina.<\/p>\n<p>Disponible en blanco y cambrian en diferentes medidas.<\/p>\n<p>&nbsp;<\/p>\n<p><strong>Medidas:<\/strong><\/p>\n<p>L140 x F61 x A216<\/p>\n","protected":false},"excerpt":{"rendered":"<p>Hoy en d\u00eda, un armario de puertas correderas no es un art\u00edculo de lujo, sino m\u00e1s bien un mueble ordinario<\/p>\n","protected":false},"featured_media":32791,"template":"","meta":[],"product_brand":[],"product_cat":[217,73],"product_tag":[],"class_list":{"0":"post-32638","1":"product","2":"type-product","3":"status-publish","4":"has-post-thumbnail","6":"product_cat-amario-2","7":"product_cat-armarios","9":"first","10":"instock","11":"sale","12":"shipping-taxable","13":"purchasable","14":"product-type-simple"},"aioseo_notices":[],"_links":{"self":[{"href":"https:\/\/modestihouse.com\/index.php\/wp-json\/wp\/v2\/product\/32638","targetHints":{"allow":["GET"]}}],"collection":[{"href":"https:\/\/modestihouse.com\/index.php\/wp-json\/wp\/v2\/product"}],"about":[{"href":"https:\/\/modestihouse.com\/index.php\/wp-json\/wp\/v2\/types\/product"}],"wp:featuredmedia":[{"embeddable":true,"href":"https:\/\/modestihouse.com\/index.php\/wp-json\/wp\/v2\/media\/32791"}],"wp:attachment":[{"href":"https:\/\/modestihouse.com\/index.php\/wp-json\/wp\/v2\/media?parent=32638"}],"wp:term":[{"taxonomy":"product_brand","embeddable":true,"href":"https:\/\/modestihouse.com\/index.php\/wp-json\/wp\/v2\/product_brand?post=32638"},{"taxonomy":"product_cat","embeddable":true,"href":"https:\/\/modestihouse.com\/index.php\/wp-json\/wp\/v2\/product_cat?post=32638"},{"taxonomy":"product_tag","embeddable":true,"href":"https:\/\/modestihouse.com\/index.php\/wp-json\/wp\/v2\/product_tag?post=32638"}],"curies":[{"name":"wp","href":"https:\/\/api.w.org\/{rel}","templated":true}]}}