{"id":32703,"date":"2024-10-08T10:09:33","date_gmt":"2024-10-08T08:09:33","guid":{"rendered":"https:\/\/modestihouse.com\/?post_type=product&#038;p=32703"},"modified":"2024-10-08T10:11:04","modified_gmt":"2024-10-08T08:11:04","slug":"escritorio-berna-3c","status":"publish","type":"product","link":"https:\/\/modestihouse.com\/index.php\/producto\/escritorio-berna-3c\/","title":{"rendered":"Escritorio Berna 3C"},"content":{"rendered":"<p>Escritorio modelo BERNA, perfecto para dormitorios juveniles. Con espacio suficiente para poder trabajar de forma c\u00f3moda y con 3 cajones que permiten tenerlo todo bajo control. Podr\u00e1s combinarlo con cualquier estilo gracias a su dise\u00f1o moderno y atemporal. Puedes completar tu estancia con otros elementos de la misma colecci\u00f3n.<\/p>\n<p>Disponibles en color Blanco<\/p>\n<p><strong>Medidas:<\/strong><\/p>\n<p>L120 x F54 x A74<\/p>\n","protected":false},"excerpt":{"rendered":"<p>Escritorio modelo BERNA, perfecto para dormitorios juveniles. Con espacio suficiente para poder trabajar de forma c\u00f3moda y con 3 cajones<\/p>\n","protected":false},"featured_media":32828,"template":"","meta":[],"product_brand":[],"product_cat":[74],"product_tag":[],"class_list":{"0":"post-32703","1":"product","2":"type-product","3":"status-publish","4":"has-post-thumbnail","6":"product_cat-escritorios","8":"first","9":"instock","10":"sale","11":"shipping-taxable","12":"purchasable","13":"product-type-simple"},"aioseo_notices":[],"_links":{"self":[{"href":"https:\/\/modestihouse.com\/index.php\/wp-json\/wp\/v2\/product\/32703","targetHints":{"allow":["GET"]}}],"collection":[{"href":"https:\/\/modestihouse.com\/index.php\/wp-json\/wp\/v2\/product"}],"about":[{"href":"https:\/\/modestihouse.com\/index.php\/wp-json\/wp\/v2\/types\/product"}],"wp:featuredmedia":[{"embeddable":true,"href":"https:\/\/modestihouse.com\/index.php\/wp-json\/wp\/v2\/media\/32828"}],"wp:attachment":[{"href":"https:\/\/modestihouse.com\/index.php\/wp-json\/wp\/v2\/media?parent=32703"}],"wp:term":[{"taxonomy":"product_brand","embeddable":true,"href":"https:\/\/modestihouse.com\/index.php\/wp-json\/wp\/v2\/product_brand?post=32703"},{"taxonomy":"product_cat","embeddable":true,"href":"https:\/\/modestihouse.com\/index.php\/wp-json\/wp\/v2\/product_cat?post=32703"},{"taxonomy":"product_tag","embeddable":true,"href":"https:\/\/modestihouse.com\/index.php\/wp-json\/wp\/v2\/product_tag?post=32703"}],"curies":[{"name":"wp","href":"https:\/\/api.w.org\/{rel}","templated":true}]}}