{"id":32706,"date":"2024-10-08T10:09:34","date_gmt":"2024-10-08T08:09:34","guid":{"rendered":"https:\/\/modestihouse.com\/?post_type=product&#038;p=32706"},"modified":"2024-10-08T10:11:19","modified_gmt":"2024-10-08T08:11:19","slug":"silla-norway-xs2485","status":"publish","type":"product","link":"https:\/\/modestihouse.com\/index.php\/producto\/silla-norway-xs2485\/","title":{"rendered":"Silla Norway XS2485"},"content":{"rendered":"<p>\u2022\u00a0<strong>Silla Norway<\/strong>. Renueva tu comedor, sal\u00f3n, despacho o cualquier otra estancia de tu hogar con la silla de estilo n\u00f3rdico Norway. S\u00famate a las \u00faltimas tendencias en Decoraci\u00f3n y consigue un ambiente elegante, moderno y diferente salpicando el espacio con un toque actual.<\/p>\n<p>\u2022\u00a0<strong>Calidad<\/strong>. La silla Norway est\u00e1 fabricada con una estructura s\u00faper-resistente de acero con diferentes acabados que enfatizan su aspecto escandinavo, c\u00e1lido y sencillo a la vez. Su espacioso asiento y su respaldo envolvente, est\u00e1n acolchados mediante espuma y tapizados con agradables telas de diferentes estilos para que puedas elegir el que mejor se adapte a ti. Un art\u00edculo extremadamente c\u00f3modo gracias a su ergonom\u00eda y a su dise\u00f1o racional.<\/p>\n<p>\u2022\u00a0<strong>Cuidado y Mantenimiento<\/strong>. Para quitar las manchas en el producto, prepara una mezcla de agua y alcohol de botiqu\u00edn, moja una esponja suave (no abrasiva), exprime muy bien y pasa haciendo contacto, pero sin presionar sobre la mancha.<\/p>\n<p>\u2022\u00a0<strong>Montaje<\/strong>. La silla Norway requiere montaje.<\/p>\n<p>Colores disponibles: Roda y Gris Oscuro<\/p>\n<p><strong>Medidas:<\/strong><\/p>\n<p><strong>\u00a0\u00a0\u00a0\u00a0<\/strong>L45 x F45 x A46\/78<\/p>\n","protected":false},"excerpt":{"rendered":"<p>\u2022\u00a0Silla Norway. Renueva tu comedor, sal\u00f3n, despacho o cualquier otra estancia de tu hogar con la silla de estilo n\u00f3rdico<\/p>\n","protected":false},"featured_media":32843,"template":"","meta":[],"product_brand":[],"product_cat":[424,353],"product_tag":[425],"class_list":{"0":"post-32706","1":"product","2":"type-product","3":"status-publish","4":"has-post-thumbnail","6":"product_cat-silla-de-comedor","7":"product_cat-sillas","8":"product_tag-silla-de-comedor","10":"first","11":"instock","12":"sale","13":"shipping-taxable","14":"purchasable","15":"product-type-simple"},"aioseo_notices":[],"_links":{"self":[{"href":"https:\/\/modestihouse.com\/index.php\/wp-json\/wp\/v2\/product\/32706","targetHints":{"allow":["GET"]}}],"collection":[{"href":"https:\/\/modestihouse.com\/index.php\/wp-json\/wp\/v2\/product"}],"about":[{"href":"https:\/\/modestihouse.com\/index.php\/wp-json\/wp\/v2\/types\/product"}],"wp:featuredmedia":[{"embeddable":true,"href":"https:\/\/modestihouse.com\/index.php\/wp-json\/wp\/v2\/media\/32843"}],"wp:attachment":[{"href":"https:\/\/modestihouse.com\/index.php\/wp-json\/wp\/v2\/media?parent=32706"}],"wp:term":[{"taxonomy":"product_brand","embeddable":true,"href":"https:\/\/modestihouse.com\/index.php\/wp-json\/wp\/v2\/product_brand?post=32706"},{"taxonomy":"product_cat","embeddable":true,"href":"https:\/\/modestihouse.com\/index.php\/wp-json\/wp\/v2\/product_cat?post=32706"},{"taxonomy":"product_tag","embeddable":true,"href":"https:\/\/modestihouse.com\/index.php\/wp-json\/wp\/v2\/product_tag?post=32706"}],"curies":[{"name":"wp","href":"https:\/\/api.w.org\/{rel}","templated":true}]}}