{"id":32738,"date":"2024-10-08T10:09:59","date_gmt":"2024-10-08T08:09:59","guid":{"rendered":"https:\/\/modestihouse.com\/?post_type=product&#038;p=32738"},"modified":"2024-10-08T10:11:34","modified_gmt":"2024-10-08T08:11:34","slug":"silla-molly","status":"publish","type":"product","link":"https:\/\/modestihouse.com\/index.php\/producto\/silla-molly\/","title":{"rendered":"Silla Molly"},"content":{"rendered":"<p>Silla de estilo contempor\u00e1neo, tapizada en tejido de diferentes colores, las patas son de\u00a0metal en color negro. Mantiene un equilibrio entre el cuerpo voluminoso y confortable del asiento y la ligereza de sus pies de acero, creando un contraste armonioso. Se trata de una pieza funcional y vers\u00e1til que por su sencilla elegancia podr\u00e1s adaptar a la decoraci\u00f3n de tu hogar ya sea mas actual como si es m\u00e1s tradicional.<\/p>\n<p>Colores Disponibles: Gris oscuro, Verde, Piedra, Mostaza<\/p>\n<p><u><strong>CARACTER\u00cdSTICAS:<\/strong><\/u><\/p>\n<ul>\n<li>Material Pata Metal, Tela Tapizado.<\/li>\n<li>Estilo contempor\u00e1neo.<\/li>\n<li>Se sirve desmontado.<\/li>\n<li>Propiedades:\u00a0<strong>4 unidades por caja.<\/strong><\/li>\n<\/ul>\n<p><strong>Medidas:<\/strong><\/p>\n<p>L42,5 x F58 x A92,5<\/p>\n","protected":false},"excerpt":{"rendered":"<p>Silla de estilo contempor\u00e1neo, tapizada en tejido de diferentes colores, las patas son de\u00a0metal en color negro. Mantiene un equilibrio<\/p>\n","protected":false},"featured_media":32867,"template":"","meta":[],"product_brand":[],"product_cat":[424,353],"product_tag":[],"class_list":{"0":"post-32738","1":"product","2":"type-product","3":"status-publish","4":"has-post-thumbnail","6":"product_cat-silla-de-comedor","7":"product_cat-sillas","9":"first","10":"instock","11":"sale","12":"shipping-taxable","13":"purchasable","14":"product-type-simple"},"aioseo_notices":[],"_links":{"self":[{"href":"https:\/\/modestihouse.com\/index.php\/wp-json\/wp\/v2\/product\/32738","targetHints":{"allow":["GET"]}}],"collection":[{"href":"https:\/\/modestihouse.com\/index.php\/wp-json\/wp\/v2\/product"}],"about":[{"href":"https:\/\/modestihouse.com\/index.php\/wp-json\/wp\/v2\/types\/product"}],"wp:featuredmedia":[{"embeddable":true,"href":"https:\/\/modestihouse.com\/index.php\/wp-json\/wp\/v2\/media\/32867"}],"wp:attachment":[{"href":"https:\/\/modestihouse.com\/index.php\/wp-json\/wp\/v2\/media?parent=32738"}],"wp:term":[{"taxonomy":"product_brand","embeddable":true,"href":"https:\/\/modestihouse.com\/index.php\/wp-json\/wp\/v2\/product_brand?post=32738"},{"taxonomy":"product_cat","embeddable":true,"href":"https:\/\/modestihouse.com\/index.php\/wp-json\/wp\/v2\/product_cat?post=32738"},{"taxonomy":"product_tag","embeddable":true,"href":"https:\/\/modestihouse.com\/index.php\/wp-json\/wp\/v2\/product_tag?post=32738"}],"curies":[{"name":"wp","href":"https:\/\/api.w.org\/{rel}","templated":true}]}}