{"id":32777,"date":"2024-10-08T10:10:27","date_gmt":"2024-10-08T08:10:27","guid":{"rendered":"https:\/\/modestihouse.com\/?post_type=product&#038;p=32777"},"modified":"2024-10-08T10:12:08","modified_gmt":"2024-10-08T08:12:08","slug":"mesa-auxiliar-porto-70cm","status":"publish","type":"product","link":"https:\/\/modestihouse.com\/index.php\/producto\/mesa-auxiliar-porto-70cm\/","title":{"rendered":"Mesa Auxiliar Porto 70CM"},"content":{"rendered":"<p>Mobiliario contempor\u00e1neo que encontrar\u00e1 su lugar en cualquier habitaci\u00f3n. Peque\u00f1os tiradores redondos que subrayan la singularidad de los elementos a\u00f1adiendo individualidad.<\/p>\n<p><strong>Medidas:<\/strong><\/p>\n<p>L68,5 x F40 x A46<\/p>\n","protected":false},"excerpt":{"rendered":"<p>Mobiliario contempor\u00e1neo que encontrar\u00e1 su lugar en cualquier habitaci\u00f3n. Peque\u00f1os tiradores redondos que subrayan la singularidad de los elementos a\u00f1adiendo<\/p>\n","protected":false},"featured_media":32910,"template":"","meta":[],"product_brand":[],"product_cat":[195,89],"product_tag":[],"class_list":{"0":"post-32777","1":"product","2":"type-product","3":"status-publish","4":"has-post-thumbnail","6":"product_cat-mesa-noche","7":"product_cat-mesitas","9":"first","10":"instock","11":"sale","12":"shipping-taxable","13":"purchasable","14":"product-type-simple"},"aioseo_notices":[],"_links":{"self":[{"href":"https:\/\/modestihouse.com\/index.php\/wp-json\/wp\/v2\/product\/32777","targetHints":{"allow":["GET"]}}],"collection":[{"href":"https:\/\/modestihouse.com\/index.php\/wp-json\/wp\/v2\/product"}],"about":[{"href":"https:\/\/modestihouse.com\/index.php\/wp-json\/wp\/v2\/types\/product"}],"wp:featuredmedia":[{"embeddable":true,"href":"https:\/\/modestihouse.com\/index.php\/wp-json\/wp\/v2\/media\/32910"}],"wp:attachment":[{"href":"https:\/\/modestihouse.com\/index.php\/wp-json\/wp\/v2\/media?parent=32777"}],"wp:term":[{"taxonomy":"product_brand","embeddable":true,"href":"https:\/\/modestihouse.com\/index.php\/wp-json\/wp\/v2\/product_brand?post=32777"},{"taxonomy":"product_cat","embeddable":true,"href":"https:\/\/modestihouse.com\/index.php\/wp-json\/wp\/v2\/product_cat?post=32777"},{"taxonomy":"product_tag","embeddable":true,"href":"https:\/\/modestihouse.com\/index.php\/wp-json\/wp\/v2\/product_tag?post=32777"}],"curies":[{"name":"wp","href":"https:\/\/api.w.org\/{rel}","templated":true}]}}