{"id":32815,"date":"2024-10-08T10:10:54","date_gmt":"2024-10-08T08:10:54","guid":{"rendered":"https:\/\/modestihouse.com\/?post_type=product&#038;p=32815"},"modified":"2024-10-08T10:13:26","modified_gmt":"2024-10-08T08:13:26","slug":"silla-mikonos-pu-rene","status":"publish","type":"product","link":"https:\/\/modestihouse.com\/index.php\/producto\/silla-mikonos-pu-rene\/","title":{"rendered":"Silla Mikonos Pu\/Rene"},"content":{"rendered":"<p>Silla modelo MIKONOS, de estilo contempor\u00e1neo, fabricada en polipiel de diferentes colores y patas met\u00e1licas en cromo, una pieza muy actual, c\u00f3moda y con estilo.<\/p>\n<p>\u2022\u00a0Propiedades:\u00a0<strong>4 unidades por caja.<\/strong><\/p>\n<p>Disponibles en colores Blanco y Negro<\/p>\n<p><strong>Medidas:<\/strong><\/p>\n<p>L45 x F56 x A101<\/p>\n","protected":false},"excerpt":{"rendered":"<p>Silla modelo MIKONOS, de estilo contempor\u00e1neo, fabricada en polipiel de diferentes colores y patas met\u00e1licas en cromo, una pieza muy<\/p>\n","protected":false},"featured_media":33000,"template":"","meta":[],"product_brand":[],"product_cat":[424,353],"product_tag":[],"class_list":{"0":"post-32815","1":"product","2":"type-product","3":"status-publish","4":"has-post-thumbnail","6":"product_cat-silla-de-comedor","7":"product_cat-sillas","9":"first","10":"instock","11":"sale","12":"shipping-taxable","13":"purchasable","14":"product-type-simple"},"aioseo_notices":[],"_links":{"self":[{"href":"https:\/\/modestihouse.com\/index.php\/wp-json\/wp\/v2\/product\/32815","targetHints":{"allow":["GET"]}}],"collection":[{"href":"https:\/\/modestihouse.com\/index.php\/wp-json\/wp\/v2\/product"}],"about":[{"href":"https:\/\/modestihouse.com\/index.php\/wp-json\/wp\/v2\/types\/product"}],"wp:featuredmedia":[{"embeddable":true,"href":"https:\/\/modestihouse.com\/index.php\/wp-json\/wp\/v2\/media\/33000"}],"wp:attachment":[{"href":"https:\/\/modestihouse.com\/index.php\/wp-json\/wp\/v2\/media?parent=32815"}],"wp:term":[{"taxonomy":"product_brand","embeddable":true,"href":"https:\/\/modestihouse.com\/index.php\/wp-json\/wp\/v2\/product_brand?post=32815"},{"taxonomy":"product_cat","embeddable":true,"href":"https:\/\/modestihouse.com\/index.php\/wp-json\/wp\/v2\/product_cat?post=32815"},{"taxonomy":"product_tag","embeddable":true,"href":"https:\/\/modestihouse.com\/index.php\/wp-json\/wp\/v2\/product_tag?post=32815"}],"curies":[{"name":"wp","href":"https:\/\/api.w.org\/{rel}","templated":true}]}}