{"id":32853,"date":"2024-10-08T10:11:23","date_gmt":"2024-10-08T08:11:23","guid":{"rendered":"https:\/\/modestihouse.com\/?post_type=product&#038;p=32853"},"modified":"2024-10-08T10:13:35","modified_gmt":"2024-10-08T08:13:35","slug":"silla-adelaida","status":"publish","type":"product","link":"https:\/\/modestihouse.com\/index.php\/producto\/silla-adelaida\/","title":{"rendered":"Silla Adelaida"},"content":{"rendered":"<p>La silla\u00a0ADELAIDA tiene un dise\u00f1o vers\u00e1til que se adapta a cualquier estancia: comedor, sal\u00f3n, dormitorio o donde necesites un toque de dise\u00f1o extra. Con patas en haya. Con alcolchado en el asiento para un m\u00e1ximo confort. Tapizada en polipiel, colores blanco y gris.<\/p>\n<p>&nbsp;<\/p>\n<p><strong>Propiedades:<\/strong><\/p>\n<ul>\n<li>4 unidades \/ caja.<br \/>\nColores Disponibles: Blanco, Negro, Gris<\/li>\n<li><strong>Medidas:<\/strong>\n<p>L48,5 x F56 x A82,5<\/li>\n<\/ul>\n","protected":false},"excerpt":{"rendered":"<p>La silla\u00a0ADELAIDA tiene un dise\u00f1o vers\u00e1til que se adapta a cualquier estancia: comedor, sal\u00f3n, dormitorio o donde necesites un toque<\/p>\n","protected":false},"featured_media":33012,"template":"","meta":[],"product_brand":[],"product_cat":[222,157,353,394],"product_tag":[],"class_list":{"0":"post-32853","1":"product","2":"type-product","3":"status-publish","4":"has-post-thumbnail","6":"product_cat-silla-comedor","7":"product_cat-silla-exterior","8":"product_cat-sillas","9":"product_cat-sillas-de-cocina","11":"first","12":"instock","13":"sale","14":"shipping-taxable","15":"purchasable","16":"product-type-simple"},"aioseo_notices":[],"_links":{"self":[{"href":"https:\/\/modestihouse.com\/index.php\/wp-json\/wp\/v2\/product\/32853","targetHints":{"allow":["GET"]}}],"collection":[{"href":"https:\/\/modestihouse.com\/index.php\/wp-json\/wp\/v2\/product"}],"about":[{"href":"https:\/\/modestihouse.com\/index.php\/wp-json\/wp\/v2\/types\/product"}],"wp:featuredmedia":[{"embeddable":true,"href":"https:\/\/modestihouse.com\/index.php\/wp-json\/wp\/v2\/media\/33012"}],"wp:attachment":[{"href":"https:\/\/modestihouse.com\/index.php\/wp-json\/wp\/v2\/media?parent=32853"}],"wp:term":[{"taxonomy":"product_brand","embeddable":true,"href":"https:\/\/modestihouse.com\/index.php\/wp-json\/wp\/v2\/product_brand?post=32853"},{"taxonomy":"product_cat","embeddable":true,"href":"https:\/\/modestihouse.com\/index.php\/wp-json\/wp\/v2\/product_cat?post=32853"},{"taxonomy":"product_tag","embeddable":true,"href":"https:\/\/modestihouse.com\/index.php\/wp-json\/wp\/v2\/product_tag?post=32853"}],"curies":[{"name":"wp","href":"https:\/\/api.w.org\/{rel}","templated":true}]}}