{"id":32856,"date":"2024-10-08T10:11:23","date_gmt":"2024-10-08T08:11:23","guid":{"rendered":"https:\/\/modestihouse.com\/?post_type=product&#038;p=32856"},"modified":"2024-10-08T10:13:49","modified_gmt":"2024-10-08T08:13:49","slug":"silla-scarlet-p-madera","status":"publish","type":"product","link":"https:\/\/modestihouse.com\/index.php\/producto\/silla-scarlet-p-madera\/","title":{"rendered":"Silla Scarlet P\/Madera"},"content":{"rendered":"<p>La silla SCARLET tiene un dise\u00f1o vers\u00e1til que se adapta a cualquier estancia: comedor, sal\u00f3n, dormitorio o donde necesites un toque de dise\u00f1o extra. Con patas en madera. Con alcolchado en el asiento para un m\u00e1ximo confort. Tapizada en polipiel.<\/p>\n<p>Disponibles: Blanco, Negro, Mostaza, Taupe Oscuro<\/p>\n<p><strong>Medidas:<\/strong><\/p>\n<p>L48,5 x F56 x A82,5<\/p>\n","protected":false},"excerpt":{"rendered":"<p>La silla SCARLET tiene un dise\u00f1o vers\u00e1til que se adapta a cualquier estancia: comedor, sal\u00f3n, dormitorio o donde necesites un<\/p>\n","protected":false},"featured_media":33032,"template":"","meta":[],"product_brand":[],"product_cat":[424,157,353,394],"product_tag":[],"class_list":{"0":"post-32856","1":"product","2":"type-product","3":"status-publish","4":"has-post-thumbnail","6":"product_cat-silla-de-comedor","7":"product_cat-silla-exterior","8":"product_cat-sillas","9":"product_cat-sillas-de-cocina","11":"first","12":"instock","13":"sale","14":"shipping-taxable","15":"purchasable","16":"product-type-simple"},"aioseo_notices":[],"_links":{"self":[{"href":"https:\/\/modestihouse.com\/index.php\/wp-json\/wp\/v2\/product\/32856","targetHints":{"allow":["GET"]}}],"collection":[{"href":"https:\/\/modestihouse.com\/index.php\/wp-json\/wp\/v2\/product"}],"about":[{"href":"https:\/\/modestihouse.com\/index.php\/wp-json\/wp\/v2\/types\/product"}],"wp:featuredmedia":[{"embeddable":true,"href":"https:\/\/modestihouse.com\/index.php\/wp-json\/wp\/v2\/media\/33032"}],"wp:attachment":[{"href":"https:\/\/modestihouse.com\/index.php\/wp-json\/wp\/v2\/media?parent=32856"}],"wp:term":[{"taxonomy":"product_brand","embeddable":true,"href":"https:\/\/modestihouse.com\/index.php\/wp-json\/wp\/v2\/product_brand?post=32856"},{"taxonomy":"product_cat","embeddable":true,"href":"https:\/\/modestihouse.com\/index.php\/wp-json\/wp\/v2\/product_cat?post=32856"},{"taxonomy":"product_tag","embeddable":true,"href":"https:\/\/modestihouse.com\/index.php\/wp-json\/wp\/v2\/product_tag?post=32856"}],"curies":[{"name":"wp","href":"https:\/\/api.w.org\/{rel}","templated":true}]}}