{"id":32911,"date":"2024-10-08T10:12:12","date_gmt":"2024-10-08T08:12:12","guid":{"rendered":"https:\/\/modestihouse.com\/?post_type=product&#038;p=32911"},"modified":"2024-10-08T10:14:04","modified_gmt":"2024-10-08T08:14:04","slug":"aparador-nordic-3p-3c-natural-serigrafia","status":"publish","type":"product","link":"https:\/\/modestihouse.com\/index.php\/producto\/aparador-nordic-3p-3c-natural-serigrafia\/","title":{"rendered":"Aparador Nordic 3P 3C Natural\/Serigrafia"},"content":{"rendered":"<p>Aparador Nordic\u00a03 puertas y 3 cajones, color natural\/serigraf\u00eda.<\/p>\n<p><strong><u>CARACTER\u00cdSTICAS:<\/u><\/strong><\/p>\n<ul>\n<li>Peso 40.6 kg.<\/li>\n<li>Material: Melamina.<\/li>\n<li>Colecci\u00f3n Nordic.<\/li>\n<li>Estilo contempor\u00e1neo.<\/li>\n<\/ul>\n<p><strong>Medidas:<\/strong><\/p>\n<p>L136,3 x F40 x A81<\/p>\n","protected":false},"excerpt":{"rendered":"<p>Aparador Nordic\u00a03 puertas y 3 cajones, color natural\/serigraf\u00eda. CARACTER\u00cdSTICAS: Peso 40.6 kg. Material: Melamina. Colecci\u00f3n Nordic. Estilo contempor\u00e1neo. Medidas: L136,3<\/p>\n","protected":false},"featured_media":33052,"template":"","meta":[],"product_brand":[],"product_cat":[202,408],"product_tag":[441],"class_list":{"0":"post-32911","1":"product","2":"type-product","3":"status-publish","4":"has-post-thumbnail","6":"product_cat-aparadores","7":"product_cat-muebles-de-salon","8":"product_tag-aparador","10":"first","11":"instock","12":"sale","13":"shipping-taxable","14":"purchasable","15":"product-type-simple"},"aioseo_notices":[],"_links":{"self":[{"href":"https:\/\/modestihouse.com\/index.php\/wp-json\/wp\/v2\/product\/32911","targetHints":{"allow":["GET"]}}],"collection":[{"href":"https:\/\/modestihouse.com\/index.php\/wp-json\/wp\/v2\/product"}],"about":[{"href":"https:\/\/modestihouse.com\/index.php\/wp-json\/wp\/v2\/types\/product"}],"wp:featuredmedia":[{"embeddable":true,"href":"https:\/\/modestihouse.com\/index.php\/wp-json\/wp\/v2\/media\/33052"}],"wp:attachment":[{"href":"https:\/\/modestihouse.com\/index.php\/wp-json\/wp\/v2\/media?parent=32911"}],"wp:term":[{"taxonomy":"product_brand","embeddable":true,"href":"https:\/\/modestihouse.com\/index.php\/wp-json\/wp\/v2\/product_brand?post=32911"},{"taxonomy":"product_cat","embeddable":true,"href":"https:\/\/modestihouse.com\/index.php\/wp-json\/wp\/v2\/product_cat?post=32911"},{"taxonomy":"product_tag","embeddable":true,"href":"https:\/\/modestihouse.com\/index.php\/wp-json\/wp\/v2\/product_tag?post=32911"}],"curies":[{"name":"wp","href":"https:\/\/api.w.org\/{rel}","templated":true}]}}