{"id":32913,"date":"2024-10-08T10:12:12","date_gmt":"2024-10-08T08:12:12","guid":{"rendered":"https:\/\/modestihouse.com\/?post_type=product&#038;p=32913"},"modified":"2024-10-08T10:14:16","modified_gmt":"2024-10-08T08:14:16","slug":"aparador-udine-3p","status":"publish","type":"product","link":"https:\/\/modestihouse.com\/index.php\/producto\/aparador-udine-3p\/","title":{"rendered":"Aparador Udine 3P"},"content":{"rendered":"<p>Aparador\u00a03 puertas modelo UDINE, color blanco\/sahara y pizarra\/sabi.<\/p>\n<p><strong>CARACTER\u00cdSTICAS:<\/strong><\/p>\n<ul>\n<li>Material: Melamina.<\/li>\n<li>Colecci\u00f3n Udine.<\/li>\n<li>Estilo contempor\u00e1neo.<\/li>\n<li>Se sirve desmontado.<\/li>\n<\/ul>\n<p>&nbsp;<\/p>\n<p><strong>Medidas:<\/strong><\/p>\n<p>L130,5 x F41,6 x A78<\/p>\n","protected":false},"excerpt":{"rendered":"<p>Aparador\u00a03 puertas modelo UDINE, color blanco\/sahara y pizarra\/sabi. CARACTER\u00cdSTICAS: Material: Melamina. Colecci\u00f3n Udine. Estilo contempor\u00e1neo. Se sirve desmontado. &nbsp; Medidas:<\/p>\n","protected":false},"featured_media":33070,"template":"","meta":[],"product_brand":[],"product_cat":[202,408],"product_tag":[442],"class_list":{"0":"post-32913","1":"product","2":"type-product","3":"status-publish","4":"has-post-thumbnail","6":"product_cat-aparadores","7":"product_cat-muebles-de-salon","8":"product_tag-aparador-udine","10":"first","11":"instock","12":"sale","13":"shipping-taxable","14":"purchasable","15":"product-type-simple"},"aioseo_notices":[],"_links":{"self":[{"href":"https:\/\/modestihouse.com\/index.php\/wp-json\/wp\/v2\/product\/32913","targetHints":{"allow":["GET"]}}],"collection":[{"href":"https:\/\/modestihouse.com\/index.php\/wp-json\/wp\/v2\/product"}],"about":[{"href":"https:\/\/modestihouse.com\/index.php\/wp-json\/wp\/v2\/types\/product"}],"wp:featuredmedia":[{"embeddable":true,"href":"https:\/\/modestihouse.com\/index.php\/wp-json\/wp\/v2\/media\/33070"}],"wp:attachment":[{"href":"https:\/\/modestihouse.com\/index.php\/wp-json\/wp\/v2\/media?parent=32913"}],"wp:term":[{"taxonomy":"product_brand","embeddable":true,"href":"https:\/\/modestihouse.com\/index.php\/wp-json\/wp\/v2\/product_brand?post=32913"},{"taxonomy":"product_cat","embeddable":true,"href":"https:\/\/modestihouse.com\/index.php\/wp-json\/wp\/v2\/product_cat?post=32913"},{"taxonomy":"product_tag","embeddable":true,"href":"https:\/\/modestihouse.com\/index.php\/wp-json\/wp\/v2\/product_tag?post=32913"}],"curies":[{"name":"wp","href":"https:\/\/api.w.org\/{rel}","templated":true}]}}